{"id":491,"date":"2017-02-15T17:25:48","date_gmt":"2017-02-15T16:25:48","guid":{"rendered":"https:\/\/www.residencemariavittoriajesolo.com\/it\/?page_id=491"},"modified":"2026-02-28T11:53:24","modified_gmt":"2026-02-28T10:53:24","slug":"serviceleistungen","status":"publish","type":"page","link":"https:\/\/www.residencemariavittoriajesolo.com\/it\/servizi\/","title":{"rendered":"Servizi"},"content":{"rendered":"<div class=\"wpb-content-wrapper\">[vc_row][vc_column]\n\t\t\t<!-- START Servizi banner REVOLUTION SLIDER 6.7.34 --><p class=\"rs-p-wp-fix\"><\/p>\n\t\t\t<rs-module-wrap id=\"rev_slider_20_1_wrapper\" data-source=\"gallery\" style=\"visibility:hidden;padding:0;margin:0px auto;margin-top:45;margin-bottom:40;\">\n\t\t\t\t<rs-module id=\"rev_slider_20_1\" style=\"\" data-version=\"6.7.34\">\n\t\t\t\t\t<rs-slides style=\"overflow: hidden; position: absolute;\">\n\t\t\t\t\t\t<rs-slide style=\"position: absolute;\" data-key=\"rs-25\" data-title=\"Slide\" data-duration=\"7000\" data-anim=\"adpr:false;\">\n\t\t\t\t\t\t\t<img decoding=\"async\" src=\"\/\/www.residencemariavittoriajesolo.com\/wp-content\/plugins\/revslider\/sr6\/assets\/assets\/dummy.png\" alt=\"\" title=\"Servizi\" class=\"rev-slidebg tp-rs-img rs-lazyload\" data-lazyload=\"\/\/www.residencemariavittoriajesolo.com\/wp-content\/uploads\/2017\/03\/banner-servizi.jpg\" data-parallax=\"off\" data-no-retina>\n<!---->\t\t\t\t\t<\/rs-slide>\n\t\t\t\t\t<\/rs-slides>\n\t\t\t\t<\/rs-module>\n\t\t\t\t<script>\n\t\t\t\t\tsetREVStartSize({c: 'rev_slider_20_1',rl:[1240,1024,778,480],el:[],gw:[1920,1024,778,480],gh:[700,600,400,150],type:'standard',justify:'',layout:'fullwidth',mh:\"0\"});if (window.RS_MODULES!==undefined && window.RS_MODULES.modules!==undefined && window.RS_MODULES.modules[\"revslider201\"]!==undefined) {window.RS_MODULES.modules[\"revslider201\"].once = false;window.revapi20 = undefined;if (window.RS_MODULES.checkMinimal!==undefined) window.RS_MODULES.checkMinimal()}\n\t\t\t\t<\/script>\n\t\t\t<\/rs-module-wrap>\n\t\t\t<!-- END REVOLUTION SLIDER -->\n[\/vc_column][\/vc_row][vc_row full_width=&#8221;stretch_row&#8221; el_class=&#8221;offer-block&#8221; enable_overlay=&#8221;true&#8221;][vc_column][vc_custom_heading text=&#8221;I servizi del Residence Mariavittoria di Jesolo&#8221; font_container=&#8221;tag:h2|text_align:center|color:%23212121&#8243; use_theme_fonts=&#8221;yes&#8221;][vc_column_text]\r\n<div class=\"divider\"><\/div>\r\n[\/vc_column_text][\/vc_column][\/vc_row][vc_row][vc_column][vc_column_text css=&#8221;&#8221;]\r\n<p class=\"testopagina\">Ogni appartamento \u00e8 dotato di porta blindata, telefono, tv con satellitare, aria condizionata con possibilit\u00e0 di pompa di calore, lavatrice, forno a microonde, aspirapolvere, cassaforte, lavastoviglie in alcune unit\u00e0, materassi e cuscini Memory.<\/p>\r\n<p class=\"testopagina\">Nel prezzo risulta compreso il posto auto riservato e custodito in struttura adiacente. Le pulizie intermedie possono essere richieste al personale del residence con accordi diretti. Le pulizie finali sono obbligatorie. \u00c8 escluso il consumo di elettricit\u00e0.<\/p>\r\n\r\n<h4 class=\"testopagina\"><strong>Amiamo gli animali, ma non possiamo accettarli per assicurare a tutti i nostri ospiti un soggiorno sereno.<\/strong><\/h4>\r\n[\/vc_column_text][vc_empty_space][\/vc_column][\/vc_row][vc_row full_width=&#8221;stretch_row&#8221; el_class=&#8221;offer-block&#8221; enable_overlay=&#8221;true&#8221;][vc_column width=&#8221;1\/5&#8243;][vc_single_image image=&#8221;831&#8243; alignment=&#8221;center&#8221;][vc_column_text]\r\n<p style=\"text-align: center;\">Aria condizionata<\/p>\r\n[\/vc_column_text][\/vc_column][vc_column width=&#8221;1\/5&#8243;][vc_single_image image=&#8221;830&#8243; alignment=&#8221;center&#8221;][vc_column_text]\r\n<p style=\"text-align: center;\">Wi-Fi<\/p>\r\n[\/vc_column_text][\/vc_column][vc_column width=&#8221;1\/5&#8243;][vc_single_image image=&#8221;829&#8243; alignment=&#8221;center&#8221;][vc_column_text]\r\n<p style=\"text-align: center;\">Lavatrice<\/p>\r\n[\/vc_column_text][\/vc_column][vc_column width=&#8221;1\/5&#8243;][vc_single_image image=&#8221;822&#8243; alignment=&#8221;center&#8221;][vc_column_text]\r\n<p style=\"text-align: center;\">Ascensore<\/p>\r\n[\/vc_column_text][\/vc_column][vc_column width=&#8221;1\/5&#8243;][vc_single_image image=&#8221;827&#8243; alignment=&#8221;center&#8221;][vc_column_text]\r\n<p style=\"text-align: center;\">TV Satellitare<\/p>\r\n[\/vc_column_text][\/vc_column][\/vc_row][vc_row full_width=&#8221;stretch_row&#8221; el_class=&#8221;offer-block&#8221; enable_overlay=&#8221;true&#8221;][vc_column][vc_empty_space][\/vc_column][\/vc_row][vc_row full_width=&#8221;stretch_row&#8221; el_class=&#8221;offer-block&#8221; enable_overlay=&#8221;true&#8221;][vc_column width=&#8221;1\/4&#8243;][vc_single_image image=&#8221;824&#8243; alignment=&#8221;center&#8221;][vc_column_text]\r\n<p style=\"text-align: center;\">Forno a microonde<\/p>\r\n[\/vc_column_text][\/vc_column][vc_column width=&#8221;1\/4&#8243;][vc_single_image image=&#8221;826&#8243; alignment=&#8221;center&#8221;][vc_column_text]\r\n<p style=\"text-align: center;\">Telefono<\/p>\r\n[\/vc_column_text][\/vc_column][vc_column width=&#8221;1\/4&#8243;][vc_single_image image=&#8221;823&#8243; alignment=&#8221;center&#8221;][vc_column_text]\r\n<p style=\"text-align: center;\">Porta blindata, cassaforte<\/p>\r\n[\/vc_column_text][\/vc_column][vc_column width=&#8221;1\/4&#8243;][vc_single_image image=&#8221;821&#8243; alignment=&#8221;center&#8221;][vc_column_text]\r\n<p style=\"text-align: center;\">Cuscini e materassi memory<\/p>\r\n[\/vc_column_text][\/vc_column][\/vc_row][vc_row][vc_column][vc_empty_space][\/vc_column][\/vc_row][vc_row][vc_column width=&#8221;2\/6&#8243;][vc_images_carousel images=&#8221;1843,1844,1842,1840,1841,1839&#8243; img_size=&#8221;350&#215;233&#8243; autoplay=&#8221;yes&#8221; wrap=&#8221;yes&#8221;][\/vc_column][vc_column width=&#8221;4\/6&#8243;][vc_column_text]Ricca <strong>COLAZIONE<\/strong> inclusa nel prezzo nella tariffa BB. Rilassati e lasciati conquistare dalle\u00a0proposte classiche e innovative. Sarai tu a suggerirci le tue preferenze.\u00a0Parti col piede giusto fin dal mattino: non c&#8217;\u00e8 niente di meglio che svegliarsi nel tuo <strong>appartamento privato<\/strong>, e gustarti una colazione sorprendente![\/vc_column_text][vc_row_inner][vc_column_inner width=&#8221;1\/4&#8243;][vc_single_image image=&#8221;825&#8243; alignment=&#8221;center&#8221;][\/vc_column_inner][vc_column_inner width=&#8221;3\/4&#8243;][vc_column_text]<strong>PARCHEGGIO riservato<\/strong>\u00a0<strong>incluso nel prezzo<\/strong>, disponibile nei pressi del Residence: la tua auto sar\u00e0 custodita 24 ore su 24, per una vacanza all&#8217;insegna di meno pensieri e pi\u00f9 relax![\/vc_column_text][\/vc_column_inner][\/vc_row_inner][vc_row_inner][vc_column_inner width=&#8221;1\/4&#8243;][vc_single_image image=&#8221;820&#8243; alignment=&#8221;center&#8221;][\/vc_column_inner][vc_column_inner width=&#8221;3\/4&#8243;][vc_column_text]Il Residence si trova <strong>a 50 metri dal mare<\/strong>, con <strong>POSTO SPIAGGIA riservato <\/strong>con ombrellone, due lettini e sedia a sdraio, per il tuo meritato riposo.[\/vc_column_text][\/vc_column_inner][\/vc_row_inner][\/vc_column][\/vc_row][vc_row][vc_column][vc_empty_space][\/vc_column][\/vc_row][vc_row][vc_column][vc_column_text]<strong>SERVIZIO NAVETTA:<\/strong> Su richiesta, a disposizione dei nostri clienti <span style=\"text-decoration: underline;\">servizio navetta<\/span> dai principali aeroporti e stazioni, vi preghiamo di contattarci per i dettagli sul trasferimento.\r\n\r\nTel:\u00a0<a href=\"tel:+390421370641\"><span class=\"tel\">+39 0421 370641<\/span><\/a>\r\n<a class=\"email\" href=\"mailto:info@residencemariavittoriajesolo.com\">info@residencemariavittoriajesolo.com<\/a>[\/vc_column_text][\/vc_column][\/vc_row]<\/div>","protected":false},"excerpt":{"rendered":"[vc_row][vc_column][\/vc_column][\/vc_row][vc_row full_width=&#8221;stretch_row&#8221; el_class=&#8221;offer-block&#8221; enable_overlay=&#8221;true&#8221;][vc_column][vc_custom_heading text=&#8221;I servizi del Residence Mariavittoria di Jesolo&#8221; font_container=&#8221;tag:h2|text_align:center|color:%23212121&#8243; use_theme_fonts=&#8221;yes&#8221;][vc_column_text] [\/vc_column_text][\/vc_column][\/vc_row][vc_row][vc_column][vc_column_text css=&#8221;&#8221;] Ogni appartamento \u00e8 dotato di porta blindata, telefono, tv con satellitare, aria condizionata con possibilit\u00e0 di pompa di calore, lavatrice, forno a microonde, aspirapolvere, cassaforte, lavastoviglie in alcune unit\u00e0, materassi e cuscini Memory. Nel prezzo risulta compreso il posto auto [&hellip;]","protected":false},"author":7,"featured_media":0,"parent":0,"menu_order":0,"comment_status":"closed","ping_status":"closed","template":"","meta":{"footnotes":""},"class_list":["post-491","page","type-page","status-publish","hentry"],"yoast_head":"<!-- This site is optimized with the Yoast SEO plugin v26.1 - https:\/\/yoast.com\/wordpress\/plugins\/seo\/ -->\n<title>Servizi | Residence Mariavittoria Jesolo<\/title>\n<meta name=\"description\" content=\"Tra i servizi che il Residence Mariavittoria di Jesolo mette a disposizione per i suoi clienti ci sono la reception, la spiaggia privata, il parcheggio, l&#039;ascensiore\" \/>\n<meta name=\"robots\" content=\"index, follow, max-snippet:-1, max-image-preview:large, max-video-preview:-1\" \/>\n<link rel=\"canonical\" href=\"https:\/\/www.residencemariavittoriajesolo.com\/it\/servizi\/\" \/>\n<meta property=\"og:locale\" content=\"it_IT\" \/>\n<meta property=\"og:type\" content=\"article\" \/>\n<meta property=\"og:title\" content=\"Servizi | Residence Mariavittoria Jesolo\" \/>\n<meta property=\"og:description\" content=\"Tra i servizi che il Residence Mariavittoria di Jesolo mette a disposizione per i suoi clienti ci sono la reception, la spiaggia privata, il parcheggio, l&#039;ascensiore\" \/>\n<meta property=\"og:url\" content=\"https:\/\/www.residencemariavittoriajesolo.com\/it\/servizi\/\" \/>\n<meta property=\"og:site_name\" content=\"Residence Mariavittoria Jesolo\" \/>\n<meta property=\"article:modified_time\" content=\"2026-02-28T10:53:24+00:00\" \/>\n<meta name=\"twitter:card\" content=\"summary_large_image\" \/>\n<meta name=\"twitter:label1\" content=\"Tempo di lettura stimato\" \/>\n\t<meta name=\"twitter:data1\" content=\"2 minuti\" \/>\n<script type=\"application\/ld+json\" class=\"yoast-schema-graph\">{\"@context\":\"https:\/\/schema.org\",\"@graph\":[{\"@type\":\"WebPage\",\"@id\":\"https:\/\/www.residencemariavittoriajesolo.com\/it\/servizi\/\",\"url\":\"https:\/\/www.residencemariavittoriajesolo.com\/it\/servizi\/\",\"name\":\"Servizi | Residence Mariavittoria Jesolo\",\"isPartOf\":{\"@id\":\"https:\/\/www.residencemariavittoriajesolo.com\/it\/#website\"},\"datePublished\":\"2017-02-15T16:25:48+00:00\",\"dateModified\":\"2026-02-28T10:53:24+00:00\",\"description\":\"Tra i servizi che il Residence Mariavittoria di Jesolo mette a disposizione per i suoi clienti ci sono la reception, la spiaggia privata, il parcheggio, l'ascensiore\",\"breadcrumb\":{\"@id\":\"https:\/\/www.residencemariavittoriajesolo.com\/it\/servizi\/#breadcrumb\"},\"inLanguage\":\"it-IT\",\"potentialAction\":[{\"@type\":\"ReadAction\",\"target\":[[\"https:\/\/www.residencemariavittoriajesolo.com\/it\/servizi\/\"]]}]},{\"@type\":\"BreadcrumbList\",\"@id\":\"https:\/\/www.residencemariavittoriajesolo.com\/it\/servizi\/#breadcrumb\",\"itemListElement\":[{\"@type\":\"ListItem\",\"position\":1,\"name\":\"Home\",\"item\":\"https:\/\/www.residencemariavittoriajesolo.com\/it\/\"},{\"@type\":\"ListItem\",\"position\":2,\"name\":\"Servizi\"}]},{\"@type\":\"WebSite\",\"@id\":\"https:\/\/www.residencemariavittoriajesolo.com\/it\/#website\",\"url\":\"https:\/\/www.residencemariavittoriajesolo.com\/it\/\",\"name\":\"Residence Mariavittoria Jesolo\",\"description\":\"Appartamenti a Jesolo Lido\",\"potentialAction\":[{\"@type\":\"SearchAction\",\"target\":{\"@type\":\"EntryPoint\",\"urlTemplate\":\"https:\/\/www.residencemariavittoriajesolo.com\/it\/?s={search_term_string}\"},\"query-input\":{\"@type\":\"PropertyValueSpecification\",\"valueRequired\":true,\"valueName\":\"search_term_string\"}}],\"inLanguage\":\"it-IT\"}]}<\/script>\n<!-- \/ Yoast SEO plugin. -->","yoast_head_json":{"title":"Servizi | Residence Mariavittoria Jesolo","description":"Tra i servizi che il Residence Mariavittoria di Jesolo mette a disposizione per i suoi clienti ci sono la reception, la spiaggia privata, il parcheggio, l'ascensiore","robots":{"index":"index","follow":"follow","max-snippet":"max-snippet:-1","max-image-preview":"max-image-preview:large","max-video-preview":"max-video-preview:-1"},"canonical":"https:\/\/www.residencemariavittoriajesolo.com\/it\/servizi\/","og_locale":"it_IT","og_type":"article","og_title":"Servizi | Residence Mariavittoria Jesolo","og_description":"Tra i servizi che il Residence Mariavittoria di Jesolo mette a disposizione per i suoi clienti ci sono la reception, la spiaggia privata, il parcheggio, l'ascensiore","og_url":"https:\/\/www.residencemariavittoriajesolo.com\/it\/servizi\/","og_site_name":"Residence Mariavittoria Jesolo","article_modified_time":"2026-02-28T10:53:24+00:00","twitter_card":"summary_large_image","twitter_misc":{"Tempo di lettura stimato":"2 minuti"},"schema":{"@context":"https:\/\/schema.org","@graph":[{"@type":"WebPage","@id":"https:\/\/www.residencemariavittoriajesolo.com\/it\/servizi\/","url":"https:\/\/www.residencemariavittoriajesolo.com\/it\/servizi\/","name":"Servizi | Residence Mariavittoria Jesolo","isPartOf":{"@id":"https:\/\/www.residencemariavittoriajesolo.com\/it\/#website"},"datePublished":"2017-02-15T16:25:48+00:00","dateModified":"2026-02-28T10:53:24+00:00","description":"Tra i servizi che il Residence Mariavittoria di Jesolo mette a disposizione per i suoi clienti ci sono la reception, la spiaggia privata, il parcheggio, l'ascensiore","breadcrumb":{"@id":"https:\/\/www.residencemariavittoriajesolo.com\/it\/servizi\/#breadcrumb"},"inLanguage":"it-IT","potentialAction":[{"@type":"ReadAction","target":[["https:\/\/www.residencemariavittoriajesolo.com\/it\/servizi\/"]]}]},{"@type":"BreadcrumbList","@id":"https:\/\/www.residencemariavittoriajesolo.com\/it\/servizi\/#breadcrumb","itemListElement":[{"@type":"ListItem","position":1,"name":"Home","item":"https:\/\/www.residencemariavittoriajesolo.com\/it\/"},{"@type":"ListItem","position":2,"name":"Servizi"}]},{"@type":"WebSite","@id":"https:\/\/www.residencemariavittoriajesolo.com\/it\/#website","url":"https:\/\/www.residencemariavittoriajesolo.com\/it\/","name":"Residence Mariavittoria Jesolo","description":"Appartamenti a Jesolo Lido","potentialAction":[{"@type":"SearchAction","target":{"@type":"EntryPoint","urlTemplate":"https:\/\/www.residencemariavittoriajesolo.com\/it\/?s={search_term_string}"},"query-input":{"@type":"PropertyValueSpecification","valueRequired":true,"valueName":"search_term_string"}}],"inLanguage":"it-IT"}]}},"_links":{"self":[{"href":"https:\/\/www.residencemariavittoriajesolo.com\/it\/wp-json\/wp\/v2\/pages\/491","targetHints":{"allow":["GET"]}}],"collection":[{"href":"https:\/\/www.residencemariavittoriajesolo.com\/it\/wp-json\/wp\/v2\/pages"}],"about":[{"href":"https:\/\/www.residencemariavittoriajesolo.com\/it\/wp-json\/wp\/v2\/types\/page"}],"author":[{"embeddable":true,"href":"https:\/\/www.residencemariavittoriajesolo.com\/it\/wp-json\/wp\/v2\/users\/7"}],"replies":[{"embeddable":true,"href":"https:\/\/www.residencemariavittoriajesolo.com\/it\/wp-json\/wp\/v2\/comments?post=491"}],"version-history":[{"count":39,"href":"https:\/\/www.residencemariavittoriajesolo.com\/it\/wp-json\/wp\/v2\/pages\/491\/revisions"}],"predecessor-version":[{"id":2106,"href":"https:\/\/www.residencemariavittoriajesolo.com\/it\/wp-json\/wp\/v2\/pages\/491\/revisions\/2106"}],"wp:attachment":[{"href":"https:\/\/www.residencemariavittoriajesolo.com\/it\/wp-json\/wp\/v2\/media?parent=491"}],"curies":[{"name":"wp","href":"https:\/\/api.w.org\/{rel}","templated":true}]}}