{"id":491,"date":"2017-02-15T17:25:48","date_gmt":"2017-02-15T16:25:48","guid":{"rendered":"https:\/\/www.residencemariavittoriajesolo.com\/it\/?page_id=491"},"modified":"2026-02-28T11:53:24","modified_gmt":"2026-02-28T10:53:24","slug":"serviceleistungen","status":"publish","type":"page","link":"https:\/\/www.residencemariavittoriajesolo.com\/de\/serviceleistungen\/","title":{"rendered":"Serviceleistungen"},"content":{"rendered":"<div class=\"wpb-content-wrapper\">[vc_row][vc_column]\n\t\t\t<!-- START Servizi banner REVOLUTION SLIDER 6.7.34 --><p class=\"rs-p-wp-fix\"><\/p>\n\t\t\t<rs-module-wrap id=\"rev_slider_20_3_wrapper\" data-source=\"gallery\" style=\"visibility:hidden;padding:0;margin:0px auto;margin-top:45;margin-bottom:40;\">\n\t\t\t\t<rs-module id=\"rev_slider_20_3\" style=\"\" data-version=\"6.7.34\">\n\t\t\t\t\t<rs-slides style=\"overflow: hidden; position: absolute;\">\n\t\t\t\t\t\t<rs-slide style=\"position: absolute;\" data-key=\"rs-25\" data-title=\"Slide\" data-duration=\"7000\" data-anim=\"adpr:false;\">\n\t\t\t\t\t\t\t<img decoding=\"async\" src=\"\/\/www.residencemariavittoriajesolo.com\/wp-content\/plugins\/revslider\/sr6\/assets\/assets\/dummy.png\" alt=\"\" title=\"Serviceleistungen\" class=\"rev-slidebg tp-rs-img rs-lazyload\" data-lazyload=\"\/\/www.residencemariavittoriajesolo.com\/wp-content\/uploads\/2017\/03\/banner-servizi.jpg\" data-parallax=\"off\" data-no-retina>\n<!---->\t\t\t\t\t<\/rs-slide>\n\t\t\t\t\t<\/rs-slides>\n\t\t\t\t<\/rs-module>\n\t\t\t\t<script>\n\t\t\t\t\tsetREVStartSize({c: 'rev_slider_20_3',rl:[1240,1024,778,480],el:[],gw:[1920,1024,778,480],gh:[700,600,400,150],type:'standard',justify:'',layout:'fullwidth',mh:\"0\"});if (window.RS_MODULES!==undefined && window.RS_MODULES.modules!==undefined && window.RS_MODULES.modules[\"revslider203\"]!==undefined) {window.RS_MODULES.modules[\"revslider203\"].once = false;window.revapi20_3 = undefined;if (window.RS_MODULES.checkMinimal!==undefined) window.RS_MODULES.checkMinimal()}\n\t\t\t\t<\/script>\n\t\t\t<\/rs-module-wrap>\n\t\t\t<!-- END REVOLUTION SLIDER -->\n[\/vc_column][\/vc_row][vc_row full_width=&#8220;stretch_row&#8220; el_class=&#8220;offer-block&#8220; enable_overlay=&#8220;true&#8220;][vc_column][vc_custom_heading text=&#8220;Die Serviceleistungen des Apartmenthotels Residence Mariavittoria di Jesolo&#8220; font_container=&#8220;tag:h2|text_align:center|color:%23212121&#8243; use_theme_fonts=&#8220;yes&#8220;][vc_column_text]\r\n<div class=\"divider\"><\/div>\r\n[\/vc_column_text][\/vc_column][\/vc_row][vc_row][vc_column][vc_column_text css=&#8220;&#8220;]\r\n<p class=\"testopagina\">Jedes Apartment verf\u00fcgt \u00fcber eine gepanzerte T\u00fcr, Telefon, Tv mit SAT, Klimaanlage mit m\u00f6glicher W\u00e4rmequelle, Waschmaschine, Mikrowelle, Staubsauger, Safe, Geschirrsp\u00fcler in einigen Einheiten, Matratzen und Kopfkissen Memory.<\/p>\r\n<p id=\"tw-target-text\" class=\"tw-data-text tw-text-large tw-ta\" dir=\"ltr\" tabindex=\"-1\" role=\"text\" data-placeholder=\"Traduzione\" data-ved=\"2ahUKEwiU_dWjgvySAxUr78kDHVZBCrQQ3ewLegQIDBAX\" aria-label=\"Testo tradotto: Im Preis inbegriffen ist ein reservierter und bewachter Parkplatz in einem angrenzenden Parkhaus. Die Endreinigung der Wohnung kann direkt beim Personal der Residenz angefragt werden. Der Stromverbrauch ist nicht im Preis enthalten.\"><span class=\"Y2IQFc\" lang=\"de\">Im Preis inbegriffen ist ein reservierter und bewachter Parkplatz in einem angrenzenden Parkhaus. Die Endreinigung der Wohnung kann direkt beim Personal der Residenz angefragt werden. Der Stromverbrauch ist nicht im Preis enthalten.<\/span><\/p>\r\nAm Eingang steht auch ein Faxservice zur Verf\u00fcgung. Tiere sind nicht erlaubt.[\/vc_column_text][\/vc_column][\/vc_row][vc_row full_width=&#8220;stretch_row&#8220; el_class=&#8220;offer-block&#8220; enable_overlay=&#8220;true&#8220;][vc_column width=&#8220;1\/6&#8243;][vc_single_image image=&#8220;831&#8243; alignment=&#8220;center&#8220;][vc_column_text]\r\n<p style=\"text-align: center;\">Klimaanlage<\/p>\r\n[\/vc_column_text][\/vc_column][vc_column width=&#8220;1\/6&#8243;][vc_single_image image=&#8220;830&#8243; alignment=&#8220;center&#8220;][vc_column_text]\r\n<p style=\"text-align: center;\">Wi-Fi<\/p>\r\n[\/vc_column_text][\/vc_column][vc_column width=&#8220;1\/6&#8243;][vc_single_image image=&#8220;829&#8243; alignment=&#8220;center&#8220;][vc_column_text]\r\n<p style=\"text-align: center;\">Waschmaschine<\/p>\r\n[\/vc_column_text][\/vc_column][vc_column width=&#8220;1\/6&#8243;][vc_single_image image=&#8220;822&#8243; alignment=&#8220;center&#8220;][vc_column_text]\r\n<p style=\"text-align: center;\">Aufzug<\/p>\r\n[\/vc_column_text][\/vc_column][vc_column width=&#8220;1\/6&#8243;][vc_single_image image=&#8220;827&#8243; alignment=&#8220;center&#8220;][vc_column_text]\r\n<p style=\"text-align: center;\">Tv mit SAT<\/p>\r\n[\/vc_column_text][\/vc_column][vc_column width=&#8220;1\/6&#8243;][vc_single_image image=&#8220;824&#8243; alignment=&#8220;center&#8220;][vc_column_text]\r\n<p style=\"text-align: center;\">Mikrowelle<\/p>\r\n[\/vc_column_text][\/vc_column][\/vc_row][vc_row full_width=&#8220;stretch_row&#8220; el_class=&#8220;offer-block&#8220; enable_overlay=&#8220;true&#8220;][vc_column][vc_empty_space][\/vc_column][\/vc_row][vc_row full_width=&#8220;stretch_row&#8220; el_class=&#8220;offer-block&#8220; enable_overlay=&#8220;true&#8220;][vc_column width=&#8220;1\/6&#8243;][vc_single_image image=&#8220;825&#8243; alignment=&#8220;center&#8220;][vc_column_text]\r\n<p style=\"text-align: center;\">Parkplatz<\/p>\r\n[\/vc_column_text][\/vc_column][vc_column width=&#8220;1\/6&#8243;][vc_single_image image=&#8220;826&#8243; alignment=&#8220;center&#8220;][vc_column_text]\r\n<p style=\"text-align: center;\">Telefon<\/p>\r\n[\/vc_column_text][\/vc_column][vc_column width=&#8220;1\/6&#8243;][vc_single_image image=&#8220;823&#8243; alignment=&#8220;center&#8220;][vc_column_text]\r\n<p style=\"text-align: center;\">Gepanzerte T\u00fcr und Safe<\/p>\r\n[\/vc_column_text][\/vc_column][vc_column width=&#8220;1\/6&#8243;][vc_single_image image=&#8220;828&#8243; alignment=&#8220;center&#8220;][vc_column_text]\r\n<p style=\"text-align: center;\">50 m vom Meer entfernt<\/p>\r\n[\/vc_column_text][\/vc_column][vc_column width=&#8220;1\/6&#8243;][vc_single_image image=&#8220;821&#8243; alignment=&#8220;center&#8220;][vc_column_text]\r\n<p style=\"text-align: center;\">Matratzen und Kopfkissen Memory<\/p>\r\n[\/vc_column_text][\/vc_column][vc_column width=&#8220;1\/6&#8243;][vc_single_image image=&#8220;820&#8243; alignment=&#8220;center&#8220;][vc_column_text]\r\n<p style=\"text-align: center;\">Memory-Kissen und Matratzen<\/p>\r\n[\/vc_column_text][\/vc_column][\/vc_row][vc_row][vc_column][vc_empty_space][\/vc_column][\/vc_row][vc_row][vc_column width=&#8220;2\/6&#8243;][vc_images_carousel images=&#8220;1843,1839,1842,1844,1840,1841&#8243; img_size=&#8220;350&#215;233&#8243; autoplay=&#8220;yes&#8220; wrap=&#8220;yes&#8220;][\/vc_column][vc_column width=&#8220;4\/6&#8243;][vc_column_text]Reichhaltiges <strong>FR\u00dcHST\u00dcCK<\/strong> im BB-Tarif im Preis inbegriffen. Entspannen Sie sich und lassen Sie sich von klassischen und innovativen Vorschl\u00e4gen erobern. Sie werden derjenige sein, der Ihre Pr\u00e4ferenzen vorschl\u00e4gt. Steigen Sie morgens richtig auf: Es gibt nichts Sch\u00f6neres, als in Ihrer privaten Wohnung aufzuwachen und ein \u00fcberraschendes Fr\u00fchst\u00fcck zu genie\u00dfen![\/vc_column_text][vc_row_inner][vc_column_inner width=&#8220;1\/4&#8243;][vc_single_image image=&#8220;825&#8243; alignment=&#8220;center&#8220;][\/vc_column_inner][vc_column_inner width=&#8220;3\/4&#8243;][vc_column_text]<strong>Reservierter PARKPLATZ<\/strong> im Preis inbegriffen, verf\u00fcgbar in der N\u00e4he der Residenz: Ihr Auto wird 24 Stunden am Tag bewacht, f\u00fcr einen Urlaub im Zeichen von weniger Sorgen und mehr Entspannung![\/vc_column_text][\/vc_column_inner][\/vc_row_inner][vc_row_inner][vc_column_inner width=&#8220;1\/4&#8243;][vc_single_image image=&#8220;820&#8243; alignment=&#8220;center&#8220;][\/vc_column_inner][vc_column_inner width=&#8220;3\/4&#8243;][vc_column_text]Die Residenz befindet sich<strong> 50 Meter<\/strong> vom Meer entfernt, mi<strong>t reserviertem STRANDPLATZ<\/strong> mit Sonnenschirm, zwei Sonnenliegen und Liegestuhl f\u00fcr Ihre wohlverdiente Ruhe.[\/vc_column_text][\/vc_column_inner][\/vc_row_inner][\/vc_column][\/vc_row][vc_row][vc_column][vc_empty_space][\/vc_column][\/vc_row][vc_row][vc_column][vc_column_text]<strong>SHUTTLE-SERVICE<\/strong>: Auf anfrage steht unseren kunden ein Shuttle-Service von den wichtigsten flugh\u00e4fen und bahnh\u00f6fen zur verf\u00fcgung, bitte kontaktieren Sie uns f\u00fcr Details zum Transfer.\r\n\r\nPh:\u00a0<a href=\"tel:+390421370641\"><span class=\"tel\">+39 0421 370641<\/span><\/a>\r\n<a class=\"email\" href=\"mailto:info@residencemariavittoriajesolo.com\">info@residencemariavittoriajesolo.com<\/a>[\/vc_column_text][\/vc_column][\/vc_row][vc_row][vc_column][vc_column_text]\r\n\r\n[\/vc_column_text][\/vc_column][\/vc_row]<\/div>","protected":false},"excerpt":{"rendered":"[vc_row][vc_column][\/vc_column][\/vc_row][vc_row full_width=&#8220;stretch_row&#8220; el_class=&#8220;offer-block&#8220; enable_overlay=&#8220;true&#8220;][vc_column][vc_custom_heading text=&#8220;Die Serviceleistungen des Apartmenthotels Residence Mariavittoria di Jesolo&#8220; font_container=&#8220;tag:h2|text_align:center|color:%23212121&#8243; use_theme_fonts=&#8220;yes&#8220;][vc_column_text] [\/vc_column_text][\/vc_column][\/vc_row][vc_row][vc_column][vc_column_text css=&#8220;&#8220;] Jedes Apartment verf\u00fcgt \u00fcber eine gepanzerte T\u00fcr, Telefon, Tv mit SAT, Klimaanlage mit m\u00f6glicher W\u00e4rmequelle, Waschmaschine, Mikrowelle, Staubsauger, Safe, Geschirrsp\u00fcler in einigen Einheiten, Matratzen und Kopfkissen Memory. Im Preis inbegriffen ist ein reservierter und bewachter Parkplatz in einem angrenzenden [&hellip;]","protected":false},"author":7,"featured_media":0,"parent":0,"menu_order":0,"comment_status":"closed","ping_status":"closed","template":"","meta":{"footnotes":""},"class_list":["post-491","page","type-page","status-publish","hentry"],"yoast_head":"<!-- This site is optimized with the Yoast SEO plugin v26.1 - https:\/\/yoast.com\/wordpress\/plugins\/seo\/ -->\n<title>Serviceleistungen | Residence Mariavittoria Jesolo<\/title>\n<meta name=\"description\" content=\"Zu den Serviceleistungen des Apartmenthotels Residence Mariavittoria di Jesolo z\u00ef\u00bf\u00bdhlen die Rezeption, der Privatstrand, Parkplatz, Aufzug\" \/>\n<meta name=\"robots\" content=\"index, follow, max-snippet:-1, max-image-preview:large, max-video-preview:-1\" \/>\n<link rel=\"canonical\" href=\"https:\/\/www.residencemariavittoriajesolo.com\/de\/servizi\/\" \/>\n<meta property=\"og:locale\" content=\"de_DE\" \/>\n<meta property=\"og:type\" content=\"article\" \/>\n<meta property=\"og:title\" content=\"Serviceleistungen | Residence Mariavittoria Jesolo\" \/>\n<meta property=\"og:description\" content=\"Zu den Serviceleistungen des Apartmenthotels Residence Mariavittoria di Jesolo z\u00ef\u00bf\u00bdhlen die Rezeption, der Privatstrand, Parkplatz, Aufzug\" \/>\n<meta property=\"og:url\" content=\"https:\/\/www.residencemariavittoriajesolo.com\/de\/servizi\/\" \/>\n<meta property=\"og:site_name\" content=\"Residence Mariavittoria Jesolo\" \/>\n<meta property=\"article:modified_time\" content=\"2026-02-28T10:53:24+00:00\" \/>\n<meta name=\"twitter:card\" content=\"summary_large_image\" \/>\n<meta name=\"twitter:label1\" content=\"Gesch\u00e4tzte Lesezeit\" \/>\n\t<meta name=\"twitter:data1\" content=\"2\u00a0Minuten\" \/>\n<script type=\"application\/ld+json\" class=\"yoast-schema-graph\">{\"@context\":\"https:\/\/schema.org\",\"@graph\":[{\"@type\":\"WebPage\",\"@id\":\"https:\/\/www.residencemariavittoriajesolo.com\/de\/servizi\/\",\"url\":\"https:\/\/www.residencemariavittoriajesolo.com\/de\/servizi\/\",\"name\":\"Serviceleistungen | Residence Mariavittoria Jesolo\",\"isPartOf\":{\"@id\":\"https:\/\/www.residencemariavittoriajesolo.com\/de\/#website\"},\"datePublished\":\"2017-02-15T16:25:48+00:00\",\"dateModified\":\"2026-02-28T10:53:24+00:00\",\"description\":\"Zu den Serviceleistungen des Apartmenthotels Residence Mariavittoria di Jesolo z\u00ef\u00bf\u00bdhlen die Rezeption, der Privatstrand, Parkplatz, Aufzug\",\"breadcrumb\":{\"@id\":\"https:\/\/www.residencemariavittoriajesolo.com\/de\/servizi\/#breadcrumb\"},\"inLanguage\":\"de\",\"potentialAction\":[{\"@type\":\"ReadAction\",\"target\":[[\"https:\/\/www.residencemariavittoriajesolo.com\/de\/servizi\/\"]]}]},{\"@type\":\"BreadcrumbList\",\"@id\":\"https:\/\/www.residencemariavittoriajesolo.com\/de\/servizi\/#breadcrumb\",\"itemListElement\":[{\"@type\":\"ListItem\",\"position\":1,\"name\":\"Home\",\"item\":\"https:\/\/www.residencemariavittoriajesolo.com\/de\/\"},{\"@type\":\"ListItem\",\"position\":2,\"name\":\"Servizi\"}]},{\"@type\":\"WebSite\",\"@id\":\"https:\/\/www.residencemariavittoriajesolo.com\/de\/#website\",\"url\":\"https:\/\/www.residencemariavittoriajesolo.com\/de\/\",\"name\":\"Residence Mariavittoria Jesolo\",\"description\":\"Appartamenti a Jesolo Lido\",\"potentialAction\":[{\"@type\":\"SearchAction\",\"target\":{\"@type\":\"EntryPoint\",\"urlTemplate\":\"https:\/\/www.residencemariavittoriajesolo.com\/de\/?s={search_term_string}\"},\"query-input\":{\"@type\":\"PropertyValueSpecification\",\"valueRequired\":true,\"valueName\":\"search_term_string\"}}],\"inLanguage\":\"de\"}]}<\/script>\n<!-- \/ Yoast SEO plugin. -->","yoast_head_json":{"title":"Serviceleistungen | Residence Mariavittoria Jesolo","description":"Zu den Serviceleistungen des Apartmenthotels Residence Mariavittoria di Jesolo z\u00ef\u00bf\u00bdhlen die Rezeption, der Privatstrand, Parkplatz, Aufzug","robots":{"index":"index","follow":"follow","max-snippet":"max-snippet:-1","max-image-preview":"max-image-preview:large","max-video-preview":"max-video-preview:-1"},"canonical":"https:\/\/www.residencemariavittoriajesolo.com\/de\/servizi\/","og_locale":"de_DE","og_type":"article","og_title":"Serviceleistungen | Residence Mariavittoria Jesolo","og_description":"Zu den Serviceleistungen des Apartmenthotels Residence Mariavittoria di Jesolo z\u00ef\u00bf\u00bdhlen die Rezeption, der Privatstrand, Parkplatz, Aufzug","og_url":"https:\/\/www.residencemariavittoriajesolo.com\/de\/servizi\/","og_site_name":"Residence Mariavittoria Jesolo","article_modified_time":"2026-02-28T10:53:24+00:00","twitter_card":"summary_large_image","twitter_misc":{"Gesch\u00e4tzte Lesezeit":"2\u00a0Minuten"},"schema":{"@context":"https:\/\/schema.org","@graph":[{"@type":"WebPage","@id":"https:\/\/www.residencemariavittoriajesolo.com\/de\/servizi\/","url":"https:\/\/www.residencemariavittoriajesolo.com\/de\/servizi\/","name":"Serviceleistungen | Residence Mariavittoria Jesolo","isPartOf":{"@id":"https:\/\/www.residencemariavittoriajesolo.com\/de\/#website"},"datePublished":"2017-02-15T16:25:48+00:00","dateModified":"2026-02-28T10:53:24+00:00","description":"Zu den Serviceleistungen des Apartmenthotels Residence Mariavittoria di Jesolo z\u00ef\u00bf\u00bdhlen die Rezeption, der Privatstrand, Parkplatz, Aufzug","breadcrumb":{"@id":"https:\/\/www.residencemariavittoriajesolo.com\/de\/servizi\/#breadcrumb"},"inLanguage":"de","potentialAction":[{"@type":"ReadAction","target":[["https:\/\/www.residencemariavittoriajesolo.com\/de\/servizi\/"]]}]},{"@type":"BreadcrumbList","@id":"https:\/\/www.residencemariavittoriajesolo.com\/de\/servizi\/#breadcrumb","itemListElement":[{"@type":"ListItem","position":1,"name":"Home","item":"https:\/\/www.residencemariavittoriajesolo.com\/de\/"},{"@type":"ListItem","position":2,"name":"Servizi"}]},{"@type":"WebSite","@id":"https:\/\/www.residencemariavittoriajesolo.com\/de\/#website","url":"https:\/\/www.residencemariavittoriajesolo.com\/de\/","name":"Residence Mariavittoria Jesolo","description":"Appartamenti a Jesolo Lido","potentialAction":[{"@type":"SearchAction","target":{"@type":"EntryPoint","urlTemplate":"https:\/\/www.residencemariavittoriajesolo.com\/de\/?s={search_term_string}"},"query-input":{"@type":"PropertyValueSpecification","valueRequired":true,"valueName":"search_term_string"}}],"inLanguage":"de"}]}},"_links":{"self":[{"href":"https:\/\/www.residencemariavittoriajesolo.com\/de\/wp-json\/wp\/v2\/pages\/491","targetHints":{"allow":["GET"]}}],"collection":[{"href":"https:\/\/www.residencemariavittoriajesolo.com\/de\/wp-json\/wp\/v2\/pages"}],"about":[{"href":"https:\/\/www.residencemariavittoriajesolo.com\/de\/wp-json\/wp\/v2\/types\/page"}],"author":[{"embeddable":true,"href":"https:\/\/www.residencemariavittoriajesolo.com\/de\/wp-json\/wp\/v2\/users\/7"}],"replies":[{"embeddable":true,"href":"https:\/\/www.residencemariavittoriajesolo.com\/de\/wp-json\/wp\/v2\/comments?post=491"}],"version-history":[{"count":39,"href":"https:\/\/www.residencemariavittoriajesolo.com\/de\/wp-json\/wp\/v2\/pages\/491\/revisions"}],"predecessor-version":[{"id":2106,"href":"https:\/\/www.residencemariavittoriajesolo.com\/de\/wp-json\/wp\/v2\/pages\/491\/revisions\/2106"}],"wp:attachment":[{"href":"https:\/\/www.residencemariavittoriajesolo.com\/de\/wp-json\/wp\/v2\/media?parent=491"}],"curies":[{"name":"wp","href":"https:\/\/api.w.org\/{rel}","templated":true}]}}