{"id":465,"date":"2017-02-15T09:22:29","date_gmt":"2017-02-15T08:22:29","guid":{"rendered":"https:\/\/www.residencemariavittoriajesolo.com\/it\/?page_id=465"},"modified":"2024-01-23T08:38:13","modified_gmt":"2024-01-23T07:38:13","slug":"posizione","status":"publish","type":"page","link":"https:\/\/www.residencemariavittoriajesolo.com\/de\/position\/","title":{"rendered":"Unsere Lage"},"content":{"rendered":"<div class=\"wpb-content-wrapper\">[vc_row][vc_column]\n\t\t\t<!-- START Posizione banner REVOLUTION SLIDER 6.7.34 --><p class=\"rs-p-wp-fix\"><\/p>\n\t\t\t<rs-module-wrap id=\"rev_slider_25_3_wrapper\" data-source=\"gallery\" style=\"visibility:hidden;padding:0;margin:0px auto;margin-top:45;margin-bottom:40;\">\n\t\t\t\t<rs-module id=\"rev_slider_25_3\" style=\"\" data-version=\"6.7.34\">\n\t\t\t\t\t<rs-slides style=\"overflow: hidden; position: absolute;\">\n\t\t\t\t\t\t<rs-slide style=\"position: absolute;\" data-key=\"rs-30\" data-title=\"Slide\" data-duration=\"7000\" data-anim=\"adpr:false;\">\n\t\t\t\t\t\t\t<img decoding=\"async\" src=\"\/\/www.residencemariavittoriajesolo.com\/wp-content\/plugins\/revslider\/sr6\/assets\/assets\/dummy.png\" alt=\"\" title=\"Unsere Lage\" class=\"rev-slidebg tp-rs-img rs-lazyload\" data-lazyload=\"\/\/www.residencemariavittoriajesolo.com\/wp-content\/uploads\/2017\/03\/banner-posizione.jpg\" data-parallax=\"off\" data-no-retina>\n<!---->\t\t\t\t\t<\/rs-slide>\n\t\t\t\t\t<\/rs-slides>\n\t\t\t\t<\/rs-module>\n\t\t\t\t<script>\n\t\t\t\t\tsetREVStartSize({c: 'rev_slider_25_3',rl:[1240,1024,778,480],el:[],gw:[1920,1024,778,480],gh:[700,600,400,150],type:'standard',justify:'',layout:'fullwidth',mh:\"0\"});if (window.RS_MODULES!==undefined && window.RS_MODULES.modules!==undefined && window.RS_MODULES.modules[\"revslider253\"]!==undefined) {window.RS_MODULES.modules[\"revslider253\"].once = false;window.revapi25_3 = undefined;if (window.RS_MODULES.checkMinimal!==undefined) window.RS_MODULES.checkMinimal()}\n\t\t\t\t<\/script>\n\t\t\t<\/rs-module-wrap>\n\t\t\t<!-- END REVOLUTION SLIDER -->\n[\/vc_column][\/vc_row][vc_row full_width=&#8220;stretch_row&#8220; el_class=&#8220;offer-block&#8220; enable_overlay=&#8220;true&#8220;][vc_column][vc_custom_heading text=&#8220;50 mt vom Meer entfernt&#8220; font_container=&#8220;tag:h2|text_align:center|color:%23212121&#8243; use_theme_fonts=&#8220;yes&#8220;][vc_column_text]\r\n<div class=\"divider\"><\/div>\r\n[\/vc_column_text][\/vc_column][\/vc_row][vc_row full_width=&#8220;stretch_row&#8220; el_class=&#8220;offer-block&#8220; enable_overlay=&#8220;true&#8220;][vc_column][vc_column_text]\r\n<p style=\"text-align: center;\">Wir befinden uns in Via Bafile XI Zugang zum Meer, 2-30016 Jesolo (VE)<\/p>\r\n[\/vc_column_text][\/vc_column][\/vc_row][vc_row full_width=&#8220;stretch_row&#8220; el_class=&#8220;offer-block&#8220; enable_overlay=&#8220;true&#8220;][vc_column][vc_column_text]<iframe loading=\"lazy\" style=\"border: 0;\" src=\"https:\/\/www.google.com\/maps\/embed?pb=!1m14!1m8!1m3!1d11186.00311028446!2d12.6293413!3d45.4999969!3m2!1i1024!2i768!4f13.1!3m3!1m2!1s0x0%3A0x13efe33f6b64daed!2sResidence%20Mariavittoria!5e0!3m2!1sit!2sit!4v1628524768502!5m2!1sit!2sit\" width=\"100%\" height=\"450\" allowfullscreen=\"allowfullscreen\"><\/iframe>[\/vc_column_text][vc_empty_space][\/vc_column][\/vc_row][vc_row full_width=&#8220;stretch_row&#8220; el_class=&#8220;offer-block&#8220; enable_overlay=&#8220;true&#8220;][vc_column][vc_column_text]Unser Hotel befindet sich in einer privilegierten Lage, um bei den zahlreichen Veranstaltungen in Jesolo teilnehmen zu k\u00f6nnen.[\/vc_column_text][vc_row_inner][vc_column_inner width=&#8220;1\/3&#8243;][vc_column_text]<strong>Frecce Tricolori<\/strong>\r\n<div class=\"row\">\r\n<div class=\"col-sm-3 col-md-3 col-xs-12\" style=\"text-align: center;\"><img loading=\"lazy\" decoding=\"async\" class=\"alignnone wp-image-952 size-full\" src=\"https:\/\/www.residencemariavittoriajesolo.com\/wp-content\/uploads\/2017\/03\/frecce-tricolori.jpg\" alt=\"\" width=\"70\" height=\"70\" \/><\/div>\r\n<div class=\"col-sm-9 col-md-9 col-xs-12\">Die ber\u00fchmte akrobatische Patrouille des italienischen Heeres zeigt gew\u00f6hnlich im Monat August ihre dreifarbigen Shows am Sandstrand neben unserem Hotel in Jesolo.<\/div>\r\n<\/div>\r\n[\/vc_column_text][\/vc_column_inner][vc_column_inner width=&#8220;1\/3&#8243;][vc_column_text]<strong><b>Feuerwerk<\/b><\/strong>\r\n<div class=\"row\">\r\n<div class=\"col-sm-3 col-md-3 col-xs-12\" style=\"text-align: center;\"><img loading=\"lazy\" decoding=\"async\" class=\"alignnone wp-image-952 size-full\" src=\"https:\/\/www.residencemariavittoriajesolo.com\/wp-content\/uploads\/2017\/03\/fuochi-artificio.jpg\" alt=\"\" width=\"70\" height=\"70\" \/><\/div>\r\n<div class=\"col-sm-9 col-md-9 col-xs-12\">Die Nacht des 15. Augusts wird von den Feuerwerken erhellt, die vom Steg unseres Sandstrandes geschossen werden.<\/div>\r\n<\/div>\r\n[\/vc_column_text][\/vc_column_inner][vc_column_inner width=&#8220;1\/3&#8243;][vc_column_text]<strong><b>Veranstaltung der Sandskulpturen<\/b><\/strong>\r\n<div class=\"row\">\r\n<div class=\"col-sm-3 col-md-3 col-xs-12\" style=\"text-align: center;\"><img loading=\"lazy\" decoding=\"async\" class=\"alignnone wp-image-952 size-full\" src=\"https:\/\/www.residencemariavittoriajesolo.com\/wp-content\/uploads\/2017\/03\/sculture-sabbia.jpg\" alt=\"\" width=\"70\" height=\"70\" \/><\/div>\r\n<div class=\"col-sm-9 col-md-9 col-xs-12\">Die Veranstaltung findet im Sommer statt am Sandstrand nur wenige Meter vom Hotel entfernt statt.<\/div>\r\n<\/div>\r\n[\/vc_column_text][\/vc_column_inner][\/vc_row_inner][vc_row_inner][vc_column_inner width=&#8220;1\/3&#8243;][vc_column_text]<strong><b>Antiquit\u00e4tenmarkt<\/b><\/strong>\r\n<div class=\"row\">\r\n<div class=\"col-sm-3 col-md-3 col-xs-12\" style=\"text-align: center;\"><img loading=\"lazy\" decoding=\"async\" class=\"alignnone wp-image-952 size-full\" src=\"https:\/\/www.residencemariavittoriajesolo.com\/wp-content\/uploads\/2017\/03\/mercatino.jpg\" alt=\"\" width=\"70\" height=\"70\" \/><\/div>\r\n<div class=\"col-sm-9 col-md-9 col-xs-12\">Jeden Donnerstag am Piazza Casa Bianca Platz.<\/div>\r\n<\/div>\r\n[\/vc_column_text][\/vc_column_inner][vc_column_inner width=&#8220;1\/3&#8243;][vc_column_text]<strong><b>Obst- und Gem\u00fcseprodukte <\/b><b>&#8222;<\/b><b>0 km<\/b><b>&#8222;<\/b><\/strong>\r\n<div class=\"row\">\r\n<div class=\"col-sm-3 col-md-3 col-xs-12\" style=\"text-align: center;\"><img loading=\"lazy\" decoding=\"async\" class=\"alignnone wp-image-952 size-full\" src=\"https:\/\/www.residencemariavittoriajesolo.com\/wp-content\/uploads\/2017\/03\/ortaggi.jpg\" alt=\"\" width=\"70\" height=\"70\" \/><\/div>\r\n<div class=\"col-sm-9 col-md-9 col-xs-12\">Jeden Mittwoch findet der Obst- und Gem\u00fcsemarkt &#8222;0 km&#8220; statt, d. h. vom Bauern direkt zum Endverbraucher mit Produkten aus lokalem Anbau.<\/div>\r\n<\/div>\r\n[\/vc_column_text][\/vc_column_inner][vc_column_inner width=&#8220;1\/3&#8243;][vc_column_text]<strong><b>Der Tourismuspalast in Jesolo<\/b><\/strong>\r\n<div class=\"row\">\r\n<div class=\"col-sm-3 col-md-3 col-xs-12\" style=\"text-align: center;\"><img loading=\"lazy\" decoding=\"async\" class=\"alignnone wp-image-952 size-full\" src=\"https:\/\/www.residencemariavittoriajesolo.com\/wp-content\/uploads\/2017\/03\/palazzo-turismo.jpg\" alt=\"\" width=\"70\" height=\"70\" \/><\/div>\r\n<div class=\"col-sm-9 col-md-9 col-xs-12\">Ist ein gro\u00dfes polyvalentes Zentrum f\u00fcr Sport, Veranstaltungen, Kongresse und Messen.<\/div>\r\n<\/div>\r\n[\/vc_column_text][\/vc_column_inner][\/vc_row_inner][\/vc_column][\/vc_row][vc_row][vc_column width=&#8220;1\/4&#8243;][vc_single_image image=&#8220;968&#8243; img_size=&#8220;medium&#8220; alignment=&#8220;center&#8220;][\/vc_column][vc_column width=&#8220;3\/4&#8243;][vc_column_text]<strong>SEA LIFE Jesolo<\/strong>\r\nJesolo l\u00e4dt auf eine Entdeckungsfahrt der magischen Unterwasserwelt ein. Sind Sie bereit f\u00fcr hautnahe Begnungen mit au\u00dfergew\u00f6hnlichen Kreaturen wie den Seesternen, den eleganten Rochen oder den m\u00e4chtigen Haien? Mit einem \u00fcberraschenden Unterwassertunnel, 30 Becken und mehr als 5000 Meereskreaturen ist das Aquarium der ideale Ort f\u00fcr Spiel und Spa\u00df f\u00fcr die gesamte Familie![\/vc_column_text][\/vc_column][\/vc_row][vc_row full_width=&#8220;stretch_row&#8220; el_class=&#8220;offer-block&#8220; enable_overlay=&#8220;true&#8220;][vc_column][vc_column_text]\r\n<p class=\"testopagina\">Dort werden unterm Jahr zahlreiche Veranstaltungen abgehalten, von Miss Italia Sch\u00f6nheitswettbewerb bis zu Konzerten und zahlreichen sportlichen Events.<\/p>\r\n<b>Lido di Jesolo<\/b> ist die Hauptstadt in der Region Veneto was den Fremdenverkehrsfluss am Meer betrifft. Mit seinen <b>12 km<\/b><b> Strand<\/b> bietet sie ihren G\u00e4sten Unterhaltung und Spa\u00df f\u00fcr jedermann. Der warme Sandstrand ist zudem ein besonderer Anziehungspunkt f\u00fcr alle Strandliebhaber.\r\n\r\nEine <b>\u00e4u<\/b><b>\u00df<\/b><b>erst gro<\/b><b>\u00dfe Fu\u00dfg\u00e4ngerzone<\/b> bietet die M\u00f6glichkeit, in L\u00e4den und Boutiquen unterschiedlicher Art Shopping zu machen, Eisdielen und typische Restaurants mit lokalen Produkten zu verkosten.\r\n\r\nWer das beste aus seinem Urlaub machen m\u00f6chte, bieten die <b>ber\u00fchmten Discos der Adriak\u00fcste<\/b> reich gespickte Abende mit internationalen Attraktionen, zudem gibt es Luna Parks und Wasserparks.\r\n\r\nZudem gibt es zahlreiche Strukturen f\u00fcr sportliche Aktivit\u00e4ten: <b>Reiten, Tennis, Golf, Surfen, Fu<\/b><b>\u00df<\/b><b>ball und noch viele mehr<\/b>. Moderne Docks sind der Bezugspunkt f\u00fcr alle <b>Segelfreunde<\/b>, die dort auch eine Segelschule und <b>Tauchkurse<\/b> besuchen k\u00f6nnen.[\/vc_column_text][\/vc_column][\/vc_row]<\/div>","protected":false},"excerpt":{"rendered":"[vc_row][vc_column][\/vc_column][\/vc_row][vc_row full_width=&#8220;stretch_row&#8220; el_class=&#8220;offer-block&#8220; enable_overlay=&#8220;true&#8220;][vc_column][vc_custom_heading text=&#8220;50 mt vom Meer entfernt&#8220; font_container=&#8220;tag:h2|text_align:center|color:%23212121&#8243; use_theme_fonts=&#8220;yes&#8220;][vc_column_text] [\/vc_column_text][\/vc_column][\/vc_row][vc_row full_width=&#8220;stretch_row&#8220; el_class=&#8220;offer-block&#8220; enable_overlay=&#8220;true&#8220;][vc_column][vc_column_text] Wir befinden uns in Via Bafile XI Zugang zum Meer, 2-30016 Jesolo (VE) [\/vc_column_text][\/vc_column][\/vc_row][vc_row full_width=&#8220;stretch_row&#8220; el_class=&#8220;offer-block&#8220; enable_overlay=&#8220;true&#8220;][vc_column][vc_column_text][\/vc_column_text][vc_empty_space][\/vc_column][\/vc_row][vc_row full_width=&#8220;stretch_row&#8220; el_class=&#8220;offer-block&#8220; enable_overlay=&#8220;true&#8220;][vc_column][vc_column_text]Unser Hotel befindet sich in einer privilegierten Lage, um bei den zahlreichen Veranstaltungen in Jesolo teilnehmen zu k\u00f6nnen.[\/vc_column_text][vc_row_inner][vc_column_inner width=&#8220;1\/3&#8243;][vc_column_text]Frecce Tricolori Die [&hellip;]","protected":false},"author":7,"featured_media":0,"parent":0,"menu_order":0,"comment_status":"closed","ping_status":"closed","template":"","meta":{"footnotes":""},"class_list":["post-465","page","type-page","status-publish","hentry"],"yoast_head":"<!-- This site is optimized with the Yoast SEO plugin v26.1 - https:\/\/yoast.com\/wordpress\/plugins\/seo\/ -->\n<title>Unsere Lage | Residence Mariavittoria Jesolo<\/title>\n<meta name=\"description\" content=\"Das Apartmenthotel Residence Mariavittoria befindet sich in Jesolo, die Hauptstadt der Region Veneto bez\u00fcglich Fremdenverkehr am Meer, in einer zentralen Lage.\" \/>\n<meta name=\"robots\" content=\"index, follow, max-snippet:-1, max-image-preview:large, max-video-preview:-1\" \/>\n<link rel=\"canonical\" href=\"https:\/\/www.residencemariavittoriajesolo.com\/de\/posizione\/\" \/>\n<meta property=\"og:locale\" content=\"de_DE\" \/>\n<meta property=\"og:type\" content=\"article\" \/>\n<meta property=\"og:title\" content=\"Unsere Lage | Residence Mariavittoria Jesolo\" \/>\n<meta property=\"og:description\" content=\"Das Apartmenthotel Residence Mariavittoria befindet sich in Jesolo, die Hauptstadt der Region Veneto bez\u00fcglich Fremdenverkehr am Meer, in einer zentralen Lage.\" \/>\n<meta property=\"og:url\" content=\"https:\/\/www.residencemariavittoriajesolo.com\/de\/posizione\/\" \/>\n<meta property=\"og:site_name\" content=\"Residence Mariavittoria Jesolo\" \/>\n<meta property=\"article:modified_time\" content=\"2024-01-23T07:38:13+00:00\" \/>\n<meta property=\"og:image\" content=\"https:\/\/www.residencemariavittoriajesolo.com\/wp-content\/uploads\/2017\/03\/frecce-tricolori.jpg\" \/>\n<meta name=\"twitter:card\" content=\"summary_large_image\" \/>\n<meta name=\"twitter:label1\" content=\"Gesch\u00e4tzte Lesezeit\" \/>\n\t<meta name=\"twitter:data1\" content=\"4\u00a0Minuten\" \/>\n<script type=\"application\/ld+json\" class=\"yoast-schema-graph\">{\"@context\":\"https:\/\/schema.org\",\"@graph\":[{\"@type\":\"WebPage\",\"@id\":\"https:\/\/www.residencemariavittoriajesolo.com\/de\/posizione\/\",\"url\":\"https:\/\/www.residencemariavittoriajesolo.com\/de\/posizione\/\",\"name\":\"Unsere Lage | Residence Mariavittoria Jesolo\",\"isPartOf\":{\"@id\":\"https:\/\/www.residencemariavittoriajesolo.com\/de\/#website\"},\"primaryImageOfPage\":{\"@id\":\"https:\/\/www.residencemariavittoriajesolo.com\/de\/posizione\/#primaryimage\"},\"image\":{\"@id\":\"https:\/\/www.residencemariavittoriajesolo.com\/it\/posizione\/#primaryimage\"},\"thumbnailUrl\":\"https:\/\/www.residencemariavittoriajesolo.com\/wp-content\/uploads\/2017\/03\/frecce-tricolori.jpg\",\"datePublished\":\"2017-02-15T08:22:29+00:00\",\"dateModified\":\"2024-01-23T07:38:13+00:00\",\"description\":\"Das Apartmenthotel Residence Mariavittoria befindet sich in Jesolo, die Hauptstadt der Region Veneto bez\u00fcglich Fremdenverkehr am Meer, in einer zentralen Lage.\",\"breadcrumb\":{\"@id\":\"https:\/\/www.residencemariavittoriajesolo.com\/de\/posizione\/#breadcrumb\"},\"inLanguage\":\"de\",\"potentialAction\":[{\"@type\":\"ReadAction\",\"target\":[[\"https:\/\/www.residencemariavittoriajesolo.com\/de\/posizione\/\"]]}]},{\"@type\":\"ImageObject\",\"inLanguage\":\"de\",\"@id\":\"https:\/\/www.residencemariavittoriajesolo.com\/de\/posizione\/#primaryimage\",\"url\":\"https:\/\/www.residencemariavittoriajesolo.com\/wp-content\/uploads\/2017\/03\/frecce-tricolori.jpg\",\"contentUrl\":\"https:\/\/www.residencemariavittoriajesolo.com\/wp-content\/uploads\/2017\/03\/frecce-tricolori.jpg\"},{\"@type\":\"BreadcrumbList\",\"@id\":\"https:\/\/www.residencemariavittoriajesolo.com\/de\/posizione\/#breadcrumb\",\"itemListElement\":[{\"@type\":\"ListItem\",\"position\":1,\"name\":\"Home\",\"item\":\"https:\/\/www.residencemariavittoriajesolo.com\/de\/\"},{\"@type\":\"ListItem\",\"position\":2,\"name\":\"Posizione\"}]},{\"@type\":\"WebSite\",\"@id\":\"https:\/\/www.residencemariavittoriajesolo.com\/de\/#website\",\"url\":\"https:\/\/www.residencemariavittoriajesolo.com\/de\/\",\"name\":\"Residence Mariavittoria Jesolo\",\"description\":\"Appartamenti a Jesolo Lido\",\"potentialAction\":[{\"@type\":\"SearchAction\",\"target\":{\"@type\":\"EntryPoint\",\"urlTemplate\":\"https:\/\/www.residencemariavittoriajesolo.com\/de\/?s={search_term_string}\"},\"query-input\":{\"@type\":\"PropertyValueSpecification\",\"valueRequired\":true,\"valueName\":\"search_term_string\"}}],\"inLanguage\":\"de\"}]}<\/script>\n<!-- \/ Yoast SEO plugin. -->","yoast_head_json":{"title":"Unsere Lage | Residence Mariavittoria Jesolo","description":"Das Apartmenthotel Residence Mariavittoria befindet sich in Jesolo, die Hauptstadt der Region Veneto bez\u00fcglich Fremdenverkehr am Meer, in einer zentralen Lage.","robots":{"index":"index","follow":"follow","max-snippet":"max-snippet:-1","max-image-preview":"max-image-preview:large","max-video-preview":"max-video-preview:-1"},"canonical":"https:\/\/www.residencemariavittoriajesolo.com\/de\/posizione\/","og_locale":"de_DE","og_type":"article","og_title":"Unsere Lage | Residence Mariavittoria Jesolo","og_description":"Das Apartmenthotel Residence Mariavittoria befindet sich in Jesolo, die Hauptstadt der Region Veneto bez\u00fcglich Fremdenverkehr am Meer, in einer zentralen Lage.","og_url":"https:\/\/www.residencemariavittoriajesolo.com\/de\/posizione\/","og_site_name":"Residence Mariavittoria Jesolo","article_modified_time":"2024-01-23T07:38:13+00:00","og_image":[{"url":"https:\/\/www.residencemariavittoriajesolo.com\/wp-content\/uploads\/2017\/03\/frecce-tricolori.jpg","type":"","width":"","height":""}],"twitter_card":"summary_large_image","twitter_misc":{"Gesch\u00e4tzte Lesezeit":"4\u00a0Minuten"},"schema":{"@context":"https:\/\/schema.org","@graph":[{"@type":"WebPage","@id":"https:\/\/www.residencemariavittoriajesolo.com\/de\/posizione\/","url":"https:\/\/www.residencemariavittoriajesolo.com\/de\/posizione\/","name":"Unsere Lage | Residence Mariavittoria Jesolo","isPartOf":{"@id":"https:\/\/www.residencemariavittoriajesolo.com\/de\/#website"},"primaryImageOfPage":{"@id":"https:\/\/www.residencemariavittoriajesolo.com\/de\/posizione\/#primaryimage"},"image":{"@id":"https:\/\/www.residencemariavittoriajesolo.com\/it\/posizione\/#primaryimage"},"thumbnailUrl":"https:\/\/www.residencemariavittoriajesolo.com\/wp-content\/uploads\/2017\/03\/frecce-tricolori.jpg","datePublished":"2017-02-15T08:22:29+00:00","dateModified":"2024-01-23T07:38:13+00:00","description":"Das Apartmenthotel Residence Mariavittoria befindet sich in Jesolo, die Hauptstadt der Region Veneto bez\u00fcglich Fremdenverkehr am Meer, in einer zentralen Lage.","breadcrumb":{"@id":"https:\/\/www.residencemariavittoriajesolo.com\/de\/posizione\/#breadcrumb"},"inLanguage":"de","potentialAction":[{"@type":"ReadAction","target":[["https:\/\/www.residencemariavittoriajesolo.com\/de\/posizione\/"]]}]},{"@type":"ImageObject","inLanguage":"de","@id":"https:\/\/www.residencemariavittoriajesolo.com\/de\/posizione\/#primaryimage","url":"https:\/\/www.residencemariavittoriajesolo.com\/wp-content\/uploads\/2017\/03\/frecce-tricolori.jpg","contentUrl":"https:\/\/www.residencemariavittoriajesolo.com\/wp-content\/uploads\/2017\/03\/frecce-tricolori.jpg"},{"@type":"BreadcrumbList","@id":"https:\/\/www.residencemariavittoriajesolo.com\/de\/posizione\/#breadcrumb","itemListElement":[{"@type":"ListItem","position":1,"name":"Home","item":"https:\/\/www.residencemariavittoriajesolo.com\/de\/"},{"@type":"ListItem","position":2,"name":"Posizione"}]},{"@type":"WebSite","@id":"https:\/\/www.residencemariavittoriajesolo.com\/de\/#website","url":"https:\/\/www.residencemariavittoriajesolo.com\/de\/","name":"Residence Mariavittoria Jesolo","description":"Appartamenti a Jesolo Lido","potentialAction":[{"@type":"SearchAction","target":{"@type":"EntryPoint","urlTemplate":"https:\/\/www.residencemariavittoriajesolo.com\/de\/?s={search_term_string}"},"query-input":{"@type":"PropertyValueSpecification","valueRequired":true,"valueName":"search_term_string"}}],"inLanguage":"de"}]}},"_links":{"self":[{"href":"https:\/\/www.residencemariavittoriajesolo.com\/de\/wp-json\/wp\/v2\/pages\/465","targetHints":{"allow":["GET"]}}],"collection":[{"href":"https:\/\/www.residencemariavittoriajesolo.com\/de\/wp-json\/wp\/v2\/pages"}],"about":[{"href":"https:\/\/www.residencemariavittoriajesolo.com\/de\/wp-json\/wp\/v2\/types\/page"}],"author":[{"embeddable":true,"href":"https:\/\/www.residencemariavittoriajesolo.com\/de\/wp-json\/wp\/v2\/users\/7"}],"replies":[{"embeddable":true,"href":"https:\/\/www.residencemariavittoriajesolo.com\/de\/wp-json\/wp\/v2\/comments?post=465"}],"version-history":[{"count":7,"href":"https:\/\/www.residencemariavittoriajesolo.com\/de\/wp-json\/wp\/v2\/pages\/465\/revisions"}],"predecessor-version":[{"id":1802,"href":"https:\/\/www.residencemariavittoriajesolo.com\/de\/wp-json\/wp\/v2\/pages\/465\/revisions\/1802"}],"wp:attachment":[{"href":"https:\/\/www.residencemariavittoriajesolo.com\/de\/wp-json\/wp\/v2\/media?parent=465"}],"curies":[{"name":"wp","href":"https:\/\/api.w.org\/{rel}","templated":true}]}}