{"id":409,"date":"2017-02-08T10:38:07","date_gmt":"2017-02-08T09:38:07","guid":{"rendered":"https:\/\/www.residencemariavittoriajesolo.com\/it\/?page_id=409"},"modified":"2024-01-23T08:37:35","modified_gmt":"2024-01-23T07:37:35","slug":"das-apartmenthotel","status":"publish","type":"page","link":"https:\/\/www.residencemariavittoriajesolo.com\/de\/das-apartmenthotel\/","title":{"rendered":"Das Apartmenthotel"},"content":{"rendered":"<div class=\"wpb-content-wrapper\">[vc_row][vc_column]\n\t\t\t<!-- START Residence banner REVOLUTION SLIDER 6.7.34 --><p class=\"rs-p-wp-fix\"><\/p>\n\t\t\t<rs-module-wrap id=\"rev_slider_19_3_wrapper\" data-source=\"gallery\" style=\"visibility:hidden;padding:0;margin:0px auto;margin-top:45;margin-bottom:40;\">\n\t\t\t\t<rs-module id=\"rev_slider_19_3\" style=\"\" data-version=\"6.7.34\">\n\t\t\t\t\t<rs-slides style=\"overflow: hidden; position: absolute;\">\n\t\t\t\t\t\t<rs-slide style=\"position: absolute;\" data-key=\"rs-57\" data-title=\"Slide\" data-duration=\"7000\" data-anim=\"adpr:false;\" data-in=\"o:0;\" data-out=\"a:false;\">\n\t\t\t\t\t\t\t<img decoding=\"async\" src=\"\/\/www.residencemariavittoriajesolo.com\/wp-content\/plugins\/revslider\/sr6\/assets\/assets\/dummy.png\" alt=\"\" title=\"ALB_8244 2 2\" width=\"2560\" height=\"1594\" class=\"rev-slidebg tp-rs-img rs-lazyload\" data-lazyload=\"\/\/www.residencemariavittoriajesolo.com\/wp-content\/uploads\/2021\/07\/ALB_8244-2-2-scaled.jpeg\" data-bg=\"p:center bottom;\" data-parallax=\"off\" data-no-retina>\n<!---->\t\t\t\t\t<\/rs-slide>\n\t\t\t\t\t<\/rs-slides>\n\t\t\t\t<\/rs-module>\n\t\t\t\t<script>\n\t\t\t\t\tsetREVStartSize({c: 'rev_slider_19_3',rl:[1240,1024,778,480],el:[700,600,400,150],gw:[1920,1024,778,480],gh:[700,600,400,150],type:'standard',justify:'',layout:'fullwidth',mh:\"0\"});if (window.RS_MODULES!==undefined && window.RS_MODULES.modules!==undefined && window.RS_MODULES.modules[\"revslider193\"]!==undefined) {window.RS_MODULES.modules[\"revslider193\"].once = false;window.revapi19_3 = undefined;if (window.RS_MODULES.checkMinimal!==undefined) window.RS_MODULES.checkMinimal()}\n\t\t\t\t<\/script>\n\t\t\t<\/rs-module-wrap>\n\t\t\t<!-- END REVOLUTION SLIDER -->\n[\/vc_column][\/vc_row][vc_row full_width=&#8220;stretch_row&#8220; el_class=&#8220;offer-block&#8220; enable_overlay=&#8220;true&#8220;][vc_column][vc_custom_heading text=&#8220;Das Apartmenthotel Residence Mariavittoria di Jesolo Lido&#8220; font_container=&#8220;tag:h2|text_align:center|color:%23212121&#8243; use_theme_fonts=&#8220;yes&#8220;][vc_column_text]\r\n<div class=\"divider\"><\/div>\r\n[\/vc_column_text][\/vc_column][\/vc_row][vc_row][vc_column width=&#8220;1\/2&#8243;][vc_column_text]Das Apartmenthotel <b>Residence Mariavittoria di Jesolo<\/b> befindet sich in einer beneidenswerten Lage, nur wenige Meter vom Meer entfernt. Mit Blick auf die Fu\u00dfg\u00e4ngerstra\u00dfe<b> Bafile<\/b>, die l\u00e4ngste Einkaufsstra\u00dfe Europas mit Gesch\u00e4ften und Lokalen, das das wahre Zentrum Jesolos ausmacht.\r\n\r\n<b>Somit bietet unsere Lage in der N\u00e4he des Piazza Mazzini Platzes die M\u00f6glichkeit, sich zu Fu\u00df in den bekanntesten Pl\u00e4tzen von Jesolo zu bewegen und keines der kulturellen und lebhaften Sommerevents zu missen.<\/b>\r\n\r\nUnser Apartmenthotel Residence Mariavittoria ist eine Familienbetrieb. Somit werden Aufmerksamkeit, Sauberkeit und Komfort f\u00fcr einen angenehmen Aufenthalt in v\u00f6lliger Sicherheit und Ruhe gew\u00e4hrleistet. Die <b>Rezeption<\/b> steht f\u00fcr jegliche Anfragen und W\u00fcnsche unserer G\u00e4ste zur Verf\u00fcgung.\r\n\r\nUm Verkehrsstaus zu vermeiden reserviert das Residence Mariavittoria einen <b>bewachten Autoabstellplatz<\/b> in einer anliegenden Struktur, im wohnungspreis inbegriffen.. Der Strand ist in nur 50 m vom Apartmenthotel zu Fu\u00df erreichbar.[\/vc_column_text][\/vc_column][vc_column width=&#8220;1\/2&#8243;][vc_single_image image=&#8220;1673&#8243; img_size=&#8220;full&#8220; alignment=&#8220;center&#8220;][\/vc_column][\/vc_row][vc_row][vc_column width=&#8220;1\/2&#8243;][vc_single_image image=&#8220;1222&#8243; img_size=&#8220;full&#8220;][\/vc_column][vc_column width=&#8220;1\/2&#8243;][vc_column_text]\r\n<p class=\"testopagina\">Die <b>Apartments<\/b> wurden k\u00fcrzlich akustisch und thermisch isoliert, sind in unterschiedlichen Gr\u00f6\u00dfen verf\u00fcgbar, mit Aufzug.<\/p>\r\nF\u00fcr den Komfort unserer G\u00e4ste stellt das Apartmenthotel Residence Mariavittoria einen <b>Privatstrand<\/b> mit Sonnenschirm und 2 Liegebetten inkl. im Preis zur Verf\u00fcgung.\r\n\r\nDie folgenden Kosten sind nicht enthalten: Stromverbrauch, Endreinigung, Handt\u00fccher- \/ W\u00e4scheservice und Kosten f\u00fcr den Ersatz besch\u00e4digter Gegenst\u00e4nde.[\/vc_column_text][\/vc_column][\/vc_row]<\/div>","protected":false},"excerpt":{"rendered":"[vc_row][vc_column][\/vc_column][\/vc_row][vc_row full_width=&#8220;stretch_row&#8220; el_class=&#8220;offer-block&#8220; enable_overlay=&#8220;true&#8220;][vc_column][vc_custom_heading text=&#8220;Das Apartmenthotel Residence Mariavittoria di Jesolo Lido&#8220; font_container=&#8220;tag:h2|text_align:center|color:%23212121&#8243; use_theme_fonts=&#8220;yes&#8220;][vc_column_text] [\/vc_column_text][\/vc_column][\/vc_row][vc_row][vc_column width=&#8220;1\/2&#8243;][vc_column_text]Das Apartmenthotel Residence Mariavittoria di Jesolo befindet sich in einer beneidenswerten Lage, nur wenige Meter vom Meer entfernt. Mit Blick auf die Fu\u00dfg\u00e4ngerstra\u00dfe Bafile, die l\u00e4ngste Einkaufsstra\u00dfe Europas mit Gesch\u00e4ften und Lokalen, das das wahre Zentrum Jesolos ausmacht. Somit bietet unsere [&hellip;]","protected":false},"author":7,"featured_media":0,"parent":0,"menu_order":0,"comment_status":"closed","ping_status":"closed","template":"","meta":{"footnotes":""},"class_list":["post-409","page","type-page","status-publish","hentry"],"yoast_head":"<!-- This site is optimized with the Yoast SEO plugin v26.1 - https:\/\/yoast.com\/wordpress\/plugins\/seo\/ -->\n<title>Residence Mariavittoria Jesolo | Apartments in Jesolo Lido<\/title>\n<meta name=\"description\" content=\"Das Apartmenthotel Residence Mariavittoria di Jesolo befindet sich 50 m vom Meer und vom Privatstrand entfernt.\" \/>\n<meta name=\"robots\" content=\"index, follow, max-snippet:-1, max-image-preview:large, max-video-preview:-1\" \/>\n<link rel=\"canonical\" href=\"https:\/\/www.residencemariavittoriajesolo.com\/de\/il-residence\/\" \/>\n<meta property=\"og:locale\" content=\"de_DE\" \/>\n<meta property=\"og:type\" content=\"article\" \/>\n<meta property=\"og:title\" content=\"Residence Mariavittoria Jesolo | Apartments in Jesolo Lido\" \/>\n<meta property=\"og:description\" content=\"Das Apartmenthotel Residence Mariavittoria di Jesolo befindet sich 50 m vom Meer und vom Privatstrand entfernt.\" \/>\n<meta property=\"og:url\" content=\"https:\/\/www.residencemariavittoriajesolo.com\/de\/il-residence\/\" \/>\n<meta property=\"og:site_name\" content=\"Residence Mariavittoria Jesolo\" \/>\n<meta property=\"article:modified_time\" content=\"2024-01-23T07:37:35+00:00\" \/>\n<meta name=\"twitter:card\" content=\"summary_large_image\" \/>\n<meta name=\"twitter:label1\" content=\"Gesch\u00e4tzte Lesezeit\" \/>\n\t<meta name=\"twitter:data1\" content=\"2\u00a0Minuten\" \/>\n<script type=\"application\/ld+json\" class=\"yoast-schema-graph\">{\"@context\":\"https:\/\/schema.org\",\"@graph\":[{\"@type\":\"WebPage\",\"@id\":\"https:\/\/www.residencemariavittoriajesolo.com\/de\/il-residence\/\",\"url\":\"https:\/\/www.residencemariavittoriajesolo.com\/de\/il-residence\/\",\"name\":\"Residence Mariavittoria Jesolo | Apartments in Jesolo Lido\",\"isPartOf\":{\"@id\":\"https:\/\/www.residencemariavittoriajesolo.com\/de\/#website\"},\"datePublished\":\"2017-02-08T09:38:07+00:00\",\"dateModified\":\"2024-01-23T07:37:35+00:00\",\"description\":\"Das Apartmenthotel Residence Mariavittoria di Jesolo befindet sich 50 m vom Meer und vom Privatstrand entfernt.\",\"breadcrumb\":{\"@id\":\"https:\/\/www.residencemariavittoriajesolo.com\/de\/il-residence\/#breadcrumb\"},\"inLanguage\":\"de\",\"potentialAction\":[{\"@type\":\"ReadAction\",\"target\":[[\"https:\/\/www.residencemariavittoriajesolo.com\/de\/il-residence\/\"]]}]},{\"@type\":\"BreadcrumbList\",\"@id\":\"https:\/\/www.residencemariavittoriajesolo.com\/de\/il-residence\/#breadcrumb\",\"itemListElement\":[{\"@type\":\"ListItem\",\"position\":1,\"name\":\"Home\",\"item\":\"https:\/\/www.residencemariavittoriajesolo.com\/de\/\"},{\"@type\":\"ListItem\",\"position\":2,\"name\":\"Il Residence\"}]},{\"@type\":\"WebSite\",\"@id\":\"https:\/\/www.residencemariavittoriajesolo.com\/de\/#website\",\"url\":\"https:\/\/www.residencemariavittoriajesolo.com\/de\/\",\"name\":\"Residence Mariavittoria Jesolo\",\"description\":\"Appartamenti a Jesolo Lido\",\"potentialAction\":[{\"@type\":\"SearchAction\",\"target\":{\"@type\":\"EntryPoint\",\"urlTemplate\":\"https:\/\/www.residencemariavittoriajesolo.com\/de\/?s={search_term_string}\"},\"query-input\":{\"@type\":\"PropertyValueSpecification\",\"valueRequired\":true,\"valueName\":\"search_term_string\"}}],\"inLanguage\":\"de\"}]}<\/script>\n<!-- \/ Yoast SEO plugin. -->","yoast_head_json":{"title":"Residence Mariavittoria Jesolo | Apartments in Jesolo Lido","description":"Das Apartmenthotel Residence Mariavittoria di Jesolo befindet sich 50 m vom Meer und vom Privatstrand entfernt.","robots":{"index":"index","follow":"follow","max-snippet":"max-snippet:-1","max-image-preview":"max-image-preview:large","max-video-preview":"max-video-preview:-1"},"canonical":"https:\/\/www.residencemariavittoriajesolo.com\/de\/il-residence\/","og_locale":"de_DE","og_type":"article","og_title":"Residence Mariavittoria Jesolo | Apartments in Jesolo Lido","og_description":"Das Apartmenthotel Residence Mariavittoria di Jesolo befindet sich 50 m vom Meer und vom Privatstrand entfernt.","og_url":"https:\/\/www.residencemariavittoriajesolo.com\/de\/il-residence\/","og_site_name":"Residence Mariavittoria Jesolo","article_modified_time":"2024-01-23T07:37:35+00:00","twitter_card":"summary_large_image","twitter_misc":{"Gesch\u00e4tzte Lesezeit":"2\u00a0Minuten"},"schema":{"@context":"https:\/\/schema.org","@graph":[{"@type":"WebPage","@id":"https:\/\/www.residencemariavittoriajesolo.com\/de\/il-residence\/","url":"https:\/\/www.residencemariavittoriajesolo.com\/de\/il-residence\/","name":"Residence Mariavittoria Jesolo | Apartments in Jesolo Lido","isPartOf":{"@id":"https:\/\/www.residencemariavittoriajesolo.com\/de\/#website"},"datePublished":"2017-02-08T09:38:07+00:00","dateModified":"2024-01-23T07:37:35+00:00","description":"Das Apartmenthotel Residence Mariavittoria di Jesolo befindet sich 50 m vom Meer und vom Privatstrand entfernt.","breadcrumb":{"@id":"https:\/\/www.residencemariavittoriajesolo.com\/de\/il-residence\/#breadcrumb"},"inLanguage":"de","potentialAction":[{"@type":"ReadAction","target":[["https:\/\/www.residencemariavittoriajesolo.com\/de\/il-residence\/"]]}]},{"@type":"BreadcrumbList","@id":"https:\/\/www.residencemariavittoriajesolo.com\/de\/il-residence\/#breadcrumb","itemListElement":[{"@type":"ListItem","position":1,"name":"Home","item":"https:\/\/www.residencemariavittoriajesolo.com\/de\/"},{"@type":"ListItem","position":2,"name":"Il Residence"}]},{"@type":"WebSite","@id":"https:\/\/www.residencemariavittoriajesolo.com\/de\/#website","url":"https:\/\/www.residencemariavittoriajesolo.com\/de\/","name":"Residence Mariavittoria Jesolo","description":"Appartamenti a Jesolo Lido","potentialAction":[{"@type":"SearchAction","target":{"@type":"EntryPoint","urlTemplate":"https:\/\/www.residencemariavittoriajesolo.com\/de\/?s={search_term_string}"},"query-input":{"@type":"PropertyValueSpecification","valueRequired":true,"valueName":"search_term_string"}}],"inLanguage":"de"}]}},"_links":{"self":[{"href":"https:\/\/www.residencemariavittoriajesolo.com\/de\/wp-json\/wp\/v2\/pages\/409","targetHints":{"allow":["GET"]}}],"collection":[{"href":"https:\/\/www.residencemariavittoriajesolo.com\/de\/wp-json\/wp\/v2\/pages"}],"about":[{"href":"https:\/\/www.residencemariavittoriajesolo.com\/de\/wp-json\/wp\/v2\/types\/page"}],"author":[{"embeddable":true,"href":"https:\/\/www.residencemariavittoriajesolo.com\/de\/wp-json\/wp\/v2\/users\/7"}],"replies":[{"embeddable":true,"href":"https:\/\/www.residencemariavittoriajesolo.com\/de\/wp-json\/wp\/v2\/comments?post=409"}],"version-history":[{"count":7,"href":"https:\/\/www.residencemariavittoriajesolo.com\/de\/wp-json\/wp\/v2\/pages\/409\/revisions"}],"predecessor-version":[{"id":1784,"href":"https:\/\/www.residencemariavittoriajesolo.com\/de\/wp-json\/wp\/v2\/pages\/409\/revisions\/1784"}],"wp:attachment":[{"href":"https:\/\/www.residencemariavittoriajesolo.com\/de\/wp-json\/wp\/v2\/media?parent=409"}],"curies":[{"name":"wp","href":"https:\/\/api.w.org\/{rel}","templated":true}]}}