{"id":2,"date":"2016-11-03T16:24:16","date_gmt":"2016-11-03T15:24:16","guid":{"rendered":"http:\/\/holidaytorbole.it\/?page_id=2"},"modified":"2026-01-20T11:30:16","modified_gmt":"2026-01-20T10:30:16","slug":"home","status":"publish","type":"page","link":"https:\/\/www.residencemariavittoriajesolo.com\/de\/","title":{"rendered":"Home"},"content":{"rendered":"<div class=\"wpb-content-wrapper\">[vc_row el_class=&#8220;container&#8220; css=&#8220;.vc_custom_1488557364389{padding-top: 20px !important;}&#8220;][vc_column width=&#8220;1\/2&#8243;][vc_row_inner][vc_column_inner][vc_column_text el_class=&#8220;blue-text&#8220;]\r\n<h2>Apartments im zentralsten Bereich von Jesolo Lido, nur 50 Meter vom Strand entfernt<\/h2>\r\n<span style=\"text-decoration: underline;\"><strong>Als Reaktion auf Coronavirus (COVID-19) hat diese Einrichtung zus\u00e4tzliche Sicherheits- und Hygienema\u00dfnahmen getroffen.<\/strong><\/span>[\/vc_column_text][\/vc_column_inner][\/vc_row_inner][vc_row_inner][vc_column_inner width=&#8220;2\/3&#8243;][vc_column_text]Die Mariavittoria Residence ist vollst\u00e4ndig <strong>familiengef\u00fchrt<\/strong>: unabh\u00e4ngige Apartments, kostenloses WLAN im gesamten Hotel, kostenloser <strong>Privatstrand<\/strong> und <strong>Parkpl\u00e4tze<\/strong> neben dem Grundst\u00fcck.\r\n\r\nWir sorgen f\u00fcr Sauberkeit und Komfort f\u00fcr einen ruhigen Urlaub, in absoluter Sicherheit und Entspannung und bereiten allen unseren G\u00e4sten einen unvergesslichen Aufenthalt in unserem sch\u00f6nen Jesolo Lido![\/vc_column_text][vc_column_text el_class=&#8220;btn-orange&#8220;]\r\n<p style=\"text-align: center;\"><a href=\"https:\/\/www.residencemariavittoriajesolo.com\/de\/apartments\/\">ENTDECKEN<\/a><\/p>\r\n[\/vc_column_text][\/vc_column_inner][vc_column_inner width=&#8220;1\/3&#8243;][vc_raw_html]JTNDaW1nJTIwY2xhc3MlM0QlMjJpbWctYmVhY2glMjIlMjBzcmMlM0QlMjIlMkYlMkZ3d3cucmVzaWRlbmNlbWFyaWF2aXR0b3JpYWplc29sby5jb20lMkZ3cC1jb250ZW50JTJGdXBsb2FkcyUyRjIwMTclMkYwMyUyRmhvbWUtYmVhY2gucG5nJTIyJTNF[\/vc_raw_html][\/vc_column_inner][\/vc_row_inner][\/vc_column][vc_column width=&#8220;1\/2&#8243; el_class=&#8220;box-servizi&#8220;][vc_row_inner][vc_column_inner][vc_column_text]\r\n<h2 style=\"text-align: center;\">Sauberkeit und Komfort\r\nf\u00fcr einen angenehmen Aufenthalt<\/h2>\r\n[\/vc_column_text][\/vc_column_inner][\/vc_row_inner][vc_row_inner][vc_column_inner el_class=&#8220;box-servizi-left&#8220; width=&#8220;1\/2&#8243;][vc_column_text css=&#8220;.vc_custom_1650736407029{margin-bottom: 10px !important;}&#8220;]<img loading=\"lazy\" decoding=\"async\" class=\"alignnone size-full wp-image-823\" src=\"https:\/\/www.residencemariavittoriajesolo.com\/wp-content\/uploads\/2017\/03\/ico-lock.png\" alt=\"\" width=\"30\" height=\"27\" \/> Als Reaktion auf COVID-19 wurden zus\u00e4tzliche Sicherheits- und Hygienema\u00dfnahmen ergriffen[\/vc_column_text][vc_column_text css=&#8220;.vc_custom_1488535735579{margin-bottom: 10px !important;}&#8220;]<img loading=\"lazy\" decoding=\"async\" class=\"alignnone size-full wp-image-831\" src=\"https:\/\/www.residencemariavittoriajesolo.com\/wp-content\/uploads\/2017\/03\/ico-air.png\" alt=\"\" width=\"30\" height=\"27\" \/>\u00a0Klimaanlage[\/vc_column_text][vc_column_text css=&#8220;.vc_custom_1488535735579{margin-bottom: 10px !important;}&#8220;]<img loading=\"lazy\" decoding=\"async\" class=\"alignnone size-full wp-image-830\" src=\"https:\/\/www.residencemariavittoriajesolo.com\/wp-content\/uploads\/2017\/03\/ico-wifi.png\" alt=\"\" width=\"30\" height=\"27\" \/>\u00a0Wi-Fi[\/vc_column_text][vc_column_text css=&#8220;.vc_custom_1488535756238{margin-bottom: 10px !important;}&#8220;]<img loading=\"lazy\" decoding=\"async\" class=\"alignnone size-full wp-image-825\" src=\"https:\/\/www.residencemariavittoriajesolo.com\/wp-content\/uploads\/2017\/03\/ico-park.png\" alt=\"\" width=\"30\" height=\"27\" \/> Parkplatz[\/vc_column_text][vc_column_text css=&#8220;.vc_custom_1488535776364{margin-bottom: 10px !important;}&#8220;]<img loading=\"lazy\" decoding=\"async\" class=\"alignnone size-full wp-image-820\" src=\"https:\/\/www.residencemariavittoriajesolo.com\/wp-content\/uploads\/2017\/03\/ico-beach.png\" alt=\"\" width=\"30\" height=\"27\" \/> Reservierter Strandplatz[\/vc_column_text][vc_column_text css=&#8220;.vc_custom_1488535767981{margin-bottom: 10px !important;}&#8220;]<img loading=\"lazy\" decoding=\"async\" class=\"alignnone size-full wp-image-828\" src=\"https:\/\/www.residencemariavittoriajesolo.com\/wp-content\/uploads\/2017\/03\/ico-sea.png\" alt=\"\" width=\"30\" height=\"27\" \/> 50 m vom Meer entfernt[\/vc_column_text][\/vc_column_inner][vc_column_inner el_class=&#8220;box-servizi-right&#8220; width=&#8220;1\/2&#8243;][vc_column_text css=&#8220;.vc_custom_1488535743814{margin-bottom: 10px !important;}&#8220;]<img loading=\"lazy\" decoding=\"async\" class=\"alignnone size-full wp-image-822\" src=\"https:\/\/www.residencemariavittoriajesolo.com\/wp-content\/uploads\/2017\/03\/ico-elevator.png\" alt=\"\" width=\"30\" height=\"27\" \/> Aufzug[\/vc_column_text][vc_column_text css=&#8220;.vc_custom_1488535764542{margin-bottom: 10px !important;}&#8220;]<img loading=\"lazy\" decoding=\"async\" class=\"alignnone size-full wp-image-823\" src=\"https:\/\/www.residencemariavittoriajesolo.com\/wp-content\/uploads\/2017\/03\/ico-lock.png\" alt=\"\" width=\"30\" height=\"27\" \/> Gepanzerte T\u00fcr und Safe[\/vc_column_text][vc_column_text css=&#8220;.vc_custom_1489569586938{margin-bottom: 10px !important;}&#8220;]<img loading=\"lazy\" decoding=\"async\" class=\"alignnone size-full wp-image-821\" src=\"https:\/\/www.residencemariavittoriajesolo.com\/wp-content\/uploads\/2017\/03\/ico-bed.png\" alt=\"\" width=\"30\" height=\"27\" \/> Matratzen und Kopfkissen Memory[\/vc_column_text][vc_column_text css=&#8220;.vc_custom_1488535739616{margin-bottom: 10px !important;}&#8220;]<img loading=\"lazy\" decoding=\"async\" class=\"alignnone size-full wp-image-829\" src=\"https:\/\/www.residencemariavittoriajesolo.com\/wp-content\/uploads\/2017\/03\/ico-washing.png\" alt=\"\" width=\"30\" height=\"27\" \/> Waschmaschine[\/vc_column_text][vc_column_text css=&#8220;.vc_custom_1488535751446{margin-bottom: 10px !important;}&#8220;]<img loading=\"lazy\" decoding=\"async\" class=\"alignnone size-full wp-image-824\" src=\"https:\/\/www.residencemariavittoriajesolo.com\/wp-content\/uploads\/2017\/03\/ico-oven.png\" alt=\"\" width=\"30\" height=\"27\" \/> Mikrowelle[\/vc_column_text][vc_column_text css=&#8220;.vc_custom_1488535748063{margin-bottom: 10px !important;}&#8220;]<img loading=\"lazy\" decoding=\"async\" class=\"alignnone size-full wp-image-827\" src=\"https:\/\/www.residencemariavittoriajesolo.com\/wp-content\/uploads\/2017\/03\/ico-screen.png\" alt=\"\" width=\"30\" height=\"27\" \/> Tv mit SAT[\/vc_column_text][vc_column_text css=&#8220;.vc_custom_1488535760896{margin-bottom: 10px !important;}&#8220;]<img loading=\"lazy\" decoding=\"async\" class=\"alignnone size-full wp-image-826\" src=\"https:\/\/www.residencemariavittoriajesolo.com\/wp-content\/uploads\/2017\/03\/ico-phone.png\" alt=\"\" width=\"30\" height=\"27\" \/>\u00a0Telefon[\/vc_column_text][\/vc_column_inner][\/vc_row_inner][vc_row_inner][vc_column_inner css=&#8220;.vc_custom_1488556932210{padding-top: 20px !important;}&#8220;][vc_column_text]\r\n<p style=\"text-align: center;\"><a class=\"btn-orange\" href=\"https:\/\/www.residencemariavittoriajesolo.com\/de\/serviceleistungen\/\">SERVICELEISTUNGEN<\/a><\/p>\r\n[\/vc_column_text][\/vc_column_inner][\/vc_row_inner][vc_empty_space height=&#8220;50&#8243;][\/vc_column][\/vc_row][vc_row full_width=&#8220;stretch_row_content&#8220; disable_element=&#8220;yes&#8220; css=&#8220;.vc_custom_1575992277721{padding-top: 25px !important;padding-bottom: 25px !important;}&#8220;][vc_column][vc_row_inner el_class=&#8220;container&#8220;][vc_column_inner][vc_column_text css=&#8220;.vc_custom_1488536315009{padding-bottom: 0px !important;}&#8220; el_class=&#8220;blue-text&#8220;]\r\n<h1 style=\"text-align: center;\">Unsere Angebote<\/h1>\r\n[\/vc_column_text][vc_column_text css=&#8220;.vc_custom_1486470567288{padding-top: 0px !important;padding-bottom: 0px !important;}&#8220;]\r\n<div class=\"divider\"><\/div>\r\n[\/vc_column_text][\/vc_column_inner][\/vc_row_inner][vc_column_text][\/vc_column_text][\/vc_column][\/vc_row]<\/div>","protected":false},"excerpt":{"rendered":"[vc_row el_class=&#8220;container&#8220; css=&#8220;.vc_custom_1488557364389{padding-top: 20px !important;}&#8220;][vc_column width=&#8220;1\/2&#8243;][vc_row_inner][vc_column_inner][vc_column_text el_class=&#8220;blue-text&#8220;] Apartments im zentralsten Bereich von Jesolo Lido, nur 50 Meter vom Strand entfernt Als Reaktion auf Coronavirus (COVID-19) hat diese Einrichtung zus\u00e4tzliche Sicherheits- und Hygienema\u00dfnahmen getroffen.[\/vc_column_text][\/vc_column_inner][\/vc_row_inner][vc_row_inner][vc_column_inner width=&#8220;2\/3&#8243;][vc_column_text]Die Mariavittoria Residence ist vollst\u00e4ndig familiengef\u00fchrt: unabh\u00e4ngige Apartments, kostenloses WLAN im gesamten Hotel, kostenloser Privatstrand und Parkpl\u00e4tze neben dem Grundst\u00fcck. Wir sorgen [&hellip;]","protected":false},"author":7,"featured_media":0,"parent":0,"menu_order":0,"comment_status":"closed","ping_status":"open","template":"","meta":{"footnotes":""},"class_list":["post-2","page","type-page","status-publish","hentry"],"yoast_head":"<!-- This site is optimized with the Yoast SEO plugin v26.1 - https:\/\/yoast.com\/wordpress\/plugins\/seo\/ -->\n<title>Residence Mariavittoria Jesolo - Apartments in Jesolo Lido<\/title>\n<meta name=\"description\" content=\"Das Apartmenthotel Residence Mariavittoria di Jesolo befindet sich 50 m vom Meer und vom Privatstrand entfernt. Die Apartments verf\u00fcgen \u00fcber jeglichen Service, um einen Urlaub in v\u00f6lliger Ruhe bieten zu k\u00f6nnen.\" \/>\n<meta name=\"robots\" content=\"index, follow, max-snippet:-1, max-image-preview:large, max-video-preview:-1\" \/>\n<link rel=\"canonical\" href=\"https:\/\/www.residencemariavittoriajesolo.com\/de\/\" \/>\n<meta property=\"og:locale\" content=\"de_DE\" \/>\n<meta property=\"og:type\" content=\"article\" \/>\n<meta property=\"og:title\" content=\"Residence Mariavittoria Jesolo - Apartments in Jesolo Lido\" \/>\n<meta property=\"og:description\" content=\"Das Apartmenthotel Residence Mariavittoria di Jesolo befindet sich 50 m vom Meer und vom Privatstrand entfernt. Die Apartments verf\u00fcgen \u00fcber jeglichen Service, um einen Urlaub in v\u00f6lliger Ruhe bieten zu k\u00f6nnen.\" \/>\n<meta property=\"og:url\" content=\"https:\/\/www.residencemariavittoriajesolo.com\/de\/\" \/>\n<meta property=\"og:site_name\" content=\"Residence Mariavittoria Jesolo\" \/>\n<meta property=\"article:modified_time\" content=\"2026-01-20T10:30:16+00:00\" \/>\n<meta property=\"og:image\" content=\"https:\/\/www.residencemariavittoriajesolo.com\/wp-content\/uploads\/2017\/03\/ico-lock.png\" \/>\n<meta name=\"twitter:card\" content=\"summary_large_image\" \/>\n<meta name=\"twitter:label1\" content=\"Gesch\u00e4tzte Lesezeit\" \/>\n\t<meta name=\"twitter:data1\" content=\"4\u00a0Minuten\" \/>\n<script type=\"application\/ld+json\" class=\"yoast-schema-graph\">{\"@context\":\"https:\/\/schema.org\",\"@graph\":[{\"@type\":\"WebPage\",\"@id\":\"https:\/\/www.residencemariavittoriajesolo.com\/de\/\",\"url\":\"https:\/\/www.residencemariavittoriajesolo.com\/de\/\",\"name\":\"Residence Mariavittoria Jesolo - Apartments in Jesolo Lido\",\"isPartOf\":{\"@id\":\"https:\/\/www.residencemariavittoriajesolo.com\/de\/#website\"},\"primaryImageOfPage\":{\"@id\":\"https:\/\/www.residencemariavittoriajesolo.com\/de\/#primaryimage\"},\"image\":{\"@id\":\"https:\/\/www.residencemariavittoriajesolo.com\/it\/#primaryimage\"},\"thumbnailUrl\":\"https:\/\/www.residencemariavittoriajesolo.com\/wp-content\/uploads\/2017\/03\/ico-lock.png\",\"datePublished\":\"2016-11-03T15:24:16+00:00\",\"dateModified\":\"2026-01-20T10:30:16+00:00\",\"description\":\"Das Apartmenthotel Residence Mariavittoria di Jesolo befindet sich 50 m vom Meer und vom Privatstrand entfernt. Die Apartments verf\u00fcgen \u00fcber jeglichen Service, um einen Urlaub in v\u00f6lliger Ruhe bieten zu k\u00f6nnen.\",\"breadcrumb\":{\"@id\":\"https:\/\/www.residencemariavittoriajesolo.com\/de\/#breadcrumb\"},\"inLanguage\":\"de\",\"potentialAction\":[{\"@type\":\"ReadAction\",\"target\":[[\"https:\/\/www.residencemariavittoriajesolo.com\/de\/\"]]}]},{\"@type\":\"ImageObject\",\"inLanguage\":\"de\",\"@id\":\"https:\/\/www.residencemariavittoriajesolo.com\/de\/#primaryimage\",\"url\":\"https:\/\/www.residencemariavittoriajesolo.com\/wp-content\/uploads\/2017\/03\/ico-lock.png\",\"contentUrl\":\"https:\/\/www.residencemariavittoriajesolo.com\/wp-content\/uploads\/2017\/03\/ico-lock.png\"},{\"@type\":\"BreadcrumbList\",\"@id\":\"https:\/\/www.residencemariavittoriajesolo.com\/de\/#breadcrumb\",\"itemListElement\":[{\"@type\":\"ListItem\",\"position\":1,\"name\":\"Home\",\"item\":\"https:\/\/www.residencemariavittoriajesolo.com\/de\/\"},{\"@type\":\"ListItem\",\"position\":2,\"name\":\"Home\"}]},{\"@type\":\"WebSite\",\"@id\":\"https:\/\/www.residencemariavittoriajesolo.com\/de\/#website\",\"url\":\"https:\/\/www.residencemariavittoriajesolo.com\/de\/\",\"name\":\"Residence Mariavittoria Jesolo\",\"description\":\"Appartamenti a Jesolo Lido\",\"potentialAction\":[{\"@type\":\"SearchAction\",\"target\":{\"@type\":\"EntryPoint\",\"urlTemplate\":\"https:\/\/www.residencemariavittoriajesolo.com\/de\/?s={search_term_string}\"},\"query-input\":{\"@type\":\"PropertyValueSpecification\",\"valueRequired\":true,\"valueName\":\"search_term_string\"}}],\"inLanguage\":\"de\"}]}<\/script>\n<!-- \/ Yoast SEO plugin. -->","yoast_head_json":{"title":"Residence Mariavittoria Jesolo - Apartments in Jesolo Lido","description":"Das Apartmenthotel Residence Mariavittoria di Jesolo befindet sich 50 m vom Meer und vom Privatstrand entfernt. Die Apartments verf\u00fcgen \u00fcber jeglichen Service, um einen Urlaub in v\u00f6lliger Ruhe bieten zu k\u00f6nnen.","robots":{"index":"index","follow":"follow","max-snippet":"max-snippet:-1","max-image-preview":"max-image-preview:large","max-video-preview":"max-video-preview:-1"},"canonical":"https:\/\/www.residencemariavittoriajesolo.com\/de\/","og_locale":"de_DE","og_type":"article","og_title":"Residence Mariavittoria Jesolo - Apartments in Jesolo Lido","og_description":"Das Apartmenthotel Residence Mariavittoria di Jesolo befindet sich 50 m vom Meer und vom Privatstrand entfernt. Die Apartments verf\u00fcgen \u00fcber jeglichen Service, um einen Urlaub in v\u00f6lliger Ruhe bieten zu k\u00f6nnen.","og_url":"https:\/\/www.residencemariavittoriajesolo.com\/de\/","og_site_name":"Residence Mariavittoria Jesolo","article_modified_time":"2026-01-20T10:30:16+00:00","og_image":[{"url":"https:\/\/www.residencemariavittoriajesolo.com\/wp-content\/uploads\/2017\/03\/ico-lock.png","type":"","width":"","height":""}],"twitter_card":"summary_large_image","twitter_misc":{"Gesch\u00e4tzte Lesezeit":"4\u00a0Minuten"},"schema":{"@context":"https:\/\/schema.org","@graph":[{"@type":"WebPage","@id":"https:\/\/www.residencemariavittoriajesolo.com\/de\/","url":"https:\/\/www.residencemariavittoriajesolo.com\/de\/","name":"Residence Mariavittoria Jesolo - Apartments in Jesolo Lido","isPartOf":{"@id":"https:\/\/www.residencemariavittoriajesolo.com\/de\/#website"},"primaryImageOfPage":{"@id":"https:\/\/www.residencemariavittoriajesolo.com\/de\/#primaryimage"},"image":{"@id":"https:\/\/www.residencemariavittoriajesolo.com\/it\/#primaryimage"},"thumbnailUrl":"https:\/\/www.residencemariavittoriajesolo.com\/wp-content\/uploads\/2017\/03\/ico-lock.png","datePublished":"2016-11-03T15:24:16+00:00","dateModified":"2026-01-20T10:30:16+00:00","description":"Das Apartmenthotel Residence Mariavittoria di Jesolo befindet sich 50 m vom Meer und vom Privatstrand entfernt. Die Apartments verf\u00fcgen \u00fcber jeglichen Service, um einen Urlaub in v\u00f6lliger Ruhe bieten zu k\u00f6nnen.","breadcrumb":{"@id":"https:\/\/www.residencemariavittoriajesolo.com\/de\/#breadcrumb"},"inLanguage":"de","potentialAction":[{"@type":"ReadAction","target":[["https:\/\/www.residencemariavittoriajesolo.com\/de\/"]]}]},{"@type":"ImageObject","inLanguage":"de","@id":"https:\/\/www.residencemariavittoriajesolo.com\/de\/#primaryimage","url":"https:\/\/www.residencemariavittoriajesolo.com\/wp-content\/uploads\/2017\/03\/ico-lock.png","contentUrl":"https:\/\/www.residencemariavittoriajesolo.com\/wp-content\/uploads\/2017\/03\/ico-lock.png"},{"@type":"BreadcrumbList","@id":"https:\/\/www.residencemariavittoriajesolo.com\/de\/#breadcrumb","itemListElement":[{"@type":"ListItem","position":1,"name":"Home","item":"https:\/\/www.residencemariavittoriajesolo.com\/de\/"},{"@type":"ListItem","position":2,"name":"Home"}]},{"@type":"WebSite","@id":"https:\/\/www.residencemariavittoriajesolo.com\/de\/#website","url":"https:\/\/www.residencemariavittoriajesolo.com\/de\/","name":"Residence Mariavittoria Jesolo","description":"Appartamenti a Jesolo Lido","potentialAction":[{"@type":"SearchAction","target":{"@type":"EntryPoint","urlTemplate":"https:\/\/www.residencemariavittoriajesolo.com\/de\/?s={search_term_string}"},"query-input":{"@type":"PropertyValueSpecification","valueRequired":true,"valueName":"search_term_string"}}],"inLanguage":"de"}]}},"_links":{"self":[{"href":"https:\/\/www.residencemariavittoriajesolo.com\/de\/wp-json\/wp\/v2\/pages\/2","targetHints":{"allow":["GET"]}}],"collection":[{"href":"https:\/\/www.residencemariavittoriajesolo.com\/de\/wp-json\/wp\/v2\/pages"}],"about":[{"href":"https:\/\/www.residencemariavittoriajesolo.com\/de\/wp-json\/wp\/v2\/types\/page"}],"author":[{"embeddable":true,"href":"https:\/\/www.residencemariavittoriajesolo.com\/de\/wp-json\/wp\/v2\/users\/7"}],"replies":[{"embeddable":true,"href":"https:\/\/www.residencemariavittoriajesolo.com\/de\/wp-json\/wp\/v2\/comments?post=2"}],"version-history":[{"count":19,"href":"https:\/\/www.residencemariavittoriajesolo.com\/de\/wp-json\/wp\/v2\/pages\/2\/revisions"}],"predecessor-version":[{"id":2105,"href":"https:\/\/www.residencemariavittoriajesolo.com\/de\/wp-json\/wp\/v2\/pages\/2\/revisions\/2105"}],"wp:attachment":[{"href":"https:\/\/www.residencemariavittoriajesolo.com\/de\/wp-json\/wp\/v2\/media?parent=2"}],"curies":[{"name":"wp","href":"https:\/\/api.w.org\/{rel}","templated":true}]}}