{"id":1627,"date":"2021-07-24T13:24:51","date_gmt":"2021-07-24T11:24:51","guid":{"rendered":"https:\/\/www.residencemariavittoriajesolo.com\/it\/?page_id=1627"},"modified":"2024-07-07T17:54:35","modified_gmt":"2024-07-07T15:54:35","slug":"staff","status":"publish","type":"page","link":"https:\/\/www.residencemariavittoriajesolo.com\/de\/personal\/","title":{"rendered":"Die Familie"},"content":{"rendered":"<div class=\"wpb-content-wrapper\">[vc_row][vc_column]\n\t\t\t<!-- START Staff banner REVOLUTION SLIDER 6.7.34 --><p class=\"rs-p-wp-fix\"><\/p>\n\t\t\t<rs-module-wrap id=\"rev_slider_27_3_wrapper\" data-source=\"gallery\" style=\"visibility:hidden;padding:0;margin:0px auto;margin-top:45;margin-bottom:40;\">\n\t\t\t\t<rs-module id=\"rev_slider_27_3\" style=\"\" data-version=\"6.7.34\">\n\t\t\t\t\t<rs-slides style=\"overflow: hidden; position: absolute;\">\n\t\t\t\t\t\t<rs-slide style=\"position: absolute;\" data-key=\"rs-32\" data-title=\"Slide\" data-duration=\"7000\" data-anim=\"adpr:false;\" data-in=\"o:0;\" data-out=\"a:false;\">\n\t\t\t\t\t\t\t<img decoding=\"async\" src=\"\/\/www.residencemariavittoriajesolo.com\/wp-content\/plugins\/revslider\/sr6\/assets\/assets\/dummy.png\" alt=\"\" title=\"staff-residence-mariavittoria-banner-sito-700-nuovo\" width=\"1920\" height=\"700\" class=\"rev-slidebg tp-rs-img rs-lazyload\" data-lazyload=\"\/\/www.residencemariavittoriajesolo.com\/wp-content\/uploads\/2021\/08\/staff-residence-mariavittoria-banner-sito-700-nuovo.jpg\" data-bg=\"f:contain;\" data-parallax=\"off\" data-no-retina>\n<!---->\t\t\t\t\t<\/rs-slide>\n\t\t\t\t\t<\/rs-slides>\n\t\t\t\t<\/rs-module>\n\t\t\t\t<script>\n\t\t\t\t\tsetREVStartSize({c: 'rev_slider_27_3',rl:[1240,1024,778,480],el:[700,600,400,150],gw:[1920,1024,778,480],gh:[700,600,400,150],type:'standard',justify:'',layout:'fullwidth',mh:\"0\"});if (window.RS_MODULES!==undefined && window.RS_MODULES.modules!==undefined && window.RS_MODULES.modules[\"revslider273\"]!==undefined) {window.RS_MODULES.modules[\"revslider273\"].once = false;window.revapi27_3 = undefined;if (window.RS_MODULES.checkMinimal!==undefined) window.RS_MODULES.checkMinimal()}\n\t\t\t\t<\/script>\n\t\t\t<\/rs-module-wrap>\n\t\t\t<!-- END REVOLUTION SLIDER -->\n[\/vc_column][\/vc_row][vc_row full_width=&#8220;stretch_row&#8220; el_class=&#8220;offer-block&#8220; enable_overlay=&#8220;true&#8220;][vc_column][vc_custom_heading text=&#8220;Die Geschichte von Mariavittoria: die drei Generationen unserer Residenz&#8220; font_container=&#8220;tag:h2|text_align:center|color:%23212121&#8243; use_theme_fonts=&#8220;yes&#8220;][vc_column_text]\r\n<div class=\"divider\"><\/div>\r\n[\/vc_column_text][\/vc_column][\/vc_row][vc_row][vc_column width=&#8220;1\/2&#8243;][vc_column_text]<strong>Residence Mariavittoria<\/strong> in Jesolo ist die Kombination aus <strong>tradition<\/strong> und <strong>innovation<\/strong>.\r\n\r\nHier ist <strong>Natalia<\/strong>, <strong>der Grundstein<\/strong> unserer Residenz.\r\nZusammen mit ihrem Mann gr\u00fcndete sie das Schloss Mariavittoria und hat ein Projekt ins Leben gerufen, das zu erfolgreichen Ergebnissen und gro\u00dfen Zufriedenheiten f\u00fchren wird.\r\nImmer <strong>familiengef\u00fchrt<\/strong>, findet diese Realit\u00e4t in letzterem den entscheidenden Schl\u00fcssel: seinen G\u00e4sten das Gef\u00fchl zu geben, <strong>zu Hause zu sein<\/strong>, in der Familie.[\/vc_column_text][\/vc_column][vc_column width=&#8220;1\/2&#8243;][vc_single_image image=&#8220;1698&#8243; img_size=&#8220;full&#8220; alignment=&#8220;center&#8220;][\/vc_column][\/vc_row][vc_row][vc_column width=&#8220;1\/2&#8243;][vc_single_image image=&#8220;1699&#8243; img_size=&#8220;full&#8220;][\/vc_column][vc_column width=&#8220;1\/2&#8243;][vc_column_text]\r\n<p class=\"testopagina\">Dann ist da noch <strong>Mariavittoria<\/strong>, die den Namen unserer Residenz inspiriert hat, die Tochter, die nach zwei S\u00f6hnen in die Familie kam: Genau aus diesem Grund beschlie\u00dft ihr Vater Amilcare, Gr\u00fcnder von Mariavittoria, ihr die Residenz zu widmen.\r\nMariavittoria beginnt mit 15 zu arbeiten. Flankiert von ihrer Mutter Natalia will sie die <strong>Familienf\u00fchrung<\/strong> weiterf\u00fchren, die die Mariavittoria von Jesolo so auszeichnet.\r\nSie widmet ihr Leben der Verwirklichung des Familientraums und schafft es allein, die bisherige elterliche Gesch\u00e4ftsf\u00fchrung zu \u00fcbernehmen.\r\nBis heute verf\u00fcgt Mariavittoria \u00fcber <strong>jahrzehntelange Erfahrung<\/strong>: Mit ihr ist die Residence gewachsen und gewachsen, jedes Jahr <strong>gro\u00dfe Renovierungen<\/strong> und neue Ideen eingeschlossen.<\/p>\r\n[\/vc_column_text][\/vc_column][\/vc_row][vc_row][vc_column width=&#8220;1\/2&#8243;][vc_column_text]\r\n<p class=\"testopagina\">Schlie\u00dflich <strong>Carlotta<\/strong>, jung und voller Energie, die\u00a0Frische und <strong>Innovation<\/strong> in die Mariavittoria Residence bringt.\r\nAls <strong>Tochter<\/strong> von Mariavittoria und <strong>Enkelin<\/strong> von Natalia repr\u00e4sentiert Carlotta <strong>die letzte der drei Generationen<\/strong> von Mariavittoria di Jesolo.\r\nMit ihr hat die Residence den Qualit\u00e4tssprung in Richtung technologischer <strong>Innovation<\/strong> vollzogen, heute ein grundlegender Schritt, um immer mehr Menschen auf der ganzen Welt zu erreichen.<\/p>\r\n[\/vc_column_text][\/vc_column][vc_column width=&#8220;1\/2&#8243;][vc_single_image image=&#8220;1697&#8243; img_size=&#8220;full&#8220;][\/vc_column][\/vc_row][vc_row][vc_column][vc_column_text]Zusammen mit Natalia, Mariavittoria und Carlotta gibt es auch <strong>Loretta<\/strong>,<strong> Monica<\/strong>\u00a0und <strong>Laura<\/strong>, die jeden Tag ihre Hilfe anbieten und daf\u00fcr sorgen, dass sich G\u00e4ste immer <strong>willkommen<\/strong> f\u00fchlen.\r\n\r\nHier werden Sie sich wie zu Hause f\u00fchlen, Sie sehen jedes Jahr bekannte Gesichter, die f\u00fcr Vertrauen und Sicherheit stehen. Die Residence ist auch <strong>unser Zuhause<\/strong>, wir wohnen n\u00e4mlich im Geb\u00e4ude und stehen Ihnen daher 24 Stunden am Tag zur Verf\u00fcgung.\r\n\r\nWir erwarten Sie in der<strong> Residence Mariavittoria<\/strong> in Jesolo: Entdecken Sie jetzt <a href=\"https:\/\/www.residencemariavittoriajesolo.com\/de\/apartments\/\">die Apartments<\/a> und alle unsere <a href=\"https:\/\/www.residencemariavittoriajesolo.com\/de\/serviceleistungen\/\">dienstleistungen<\/a>![\/vc_column_text][\/vc_column][\/vc_row]<\/div>","protected":false},"excerpt":{"rendered":"[vc_row][vc_column][\/vc_column][\/vc_row][vc_row full_width=&#8220;stretch_row&#8220; el_class=&#8220;offer-block&#8220; enable_overlay=&#8220;true&#8220;][vc_column][vc_custom_heading text=&#8220;Die Geschichte von Mariavittoria: die drei Generationen unserer Residenz&#8220; font_container=&#8220;tag:h2|text_align:center|color:%23212121&#8243; use_theme_fonts=&#8220;yes&#8220;][vc_column_text] [\/vc_column_text][\/vc_column][\/vc_row][vc_row][vc_column width=&#8220;1\/2&#8243;][vc_column_text]Residence Mariavittoria in Jesolo ist die Kombination aus tradition und innovation. Hier ist Natalia, der Grundstein unserer Residenz. Zusammen mit ihrem Mann gr\u00fcndete sie das Schloss Mariavittoria und hat ein Projekt ins Leben gerufen, das zu erfolgreichen Ergebnissen und [&hellip;]","protected":false},"author":7,"featured_media":0,"parent":0,"menu_order":0,"comment_status":"closed","ping_status":"closed","template":"","meta":{"footnotes":""},"class_list":["post-1627","page","type-page","status-publish","hentry"],"yoast_head":"<!-- This site is optimized with the Yoast SEO plugin v26.1 - https:\/\/yoast.com\/wordpress\/plugins\/seo\/ -->\n<title>Staff - Residence Mariavittoria Jesolo<\/title>\n<meta name=\"description\" content=\"Il Residence Mariavittoria di Jesolo si trova in centro a Jesolo a soli 50 metri dal mare. A disposizione per gli ospiti c&#039;\u00e8 un parcheggio e una spiaggia privata.\" \/>\n<meta name=\"robots\" content=\"index, follow, max-snippet:-1, max-image-preview:large, max-video-preview:-1\" \/>\n<link rel=\"canonical\" href=\"https:\/\/www.residencemariavittoriajesolo.com\/de\/staff\/\" \/>\n<meta property=\"og:locale\" content=\"de_DE\" \/>\n<meta property=\"og:type\" content=\"article\" \/>\n<meta property=\"og:title\" content=\"Staff - Residence Mariavittoria Jesolo\" \/>\n<meta property=\"og:description\" content=\"Il Residence Mariavittoria di Jesolo si trova in centro a Jesolo a soli 50 metri dal mare. A disposizione per gli ospiti c&#039;\u00e8 un parcheggio e una spiaggia privata.\" \/>\n<meta property=\"og:url\" content=\"https:\/\/www.residencemariavittoriajesolo.com\/de\/staff\/\" \/>\n<meta property=\"og:site_name\" content=\"Residence Mariavittoria Jesolo\" \/>\n<meta property=\"article:modified_time\" content=\"2024-07-07T15:54:35+00:00\" \/>\n<meta name=\"twitter:card\" content=\"summary_large_image\" \/>\n<meta name=\"twitter:label1\" content=\"Gesch\u00e4tzte Lesezeit\" \/>\n\t<meta name=\"twitter:data1\" content=\"3\u00a0Minuten\" \/>\n<script type=\"application\/ld+json\" class=\"yoast-schema-graph\">{\"@context\":\"https:\/\/schema.org\",\"@graph\":[{\"@type\":\"WebPage\",\"@id\":\"https:\/\/www.residencemariavittoriajesolo.com\/de\/staff\/\",\"url\":\"https:\/\/www.residencemariavittoriajesolo.com\/de\/staff\/\",\"name\":\"Staff - Residence Mariavittoria Jesolo\",\"isPartOf\":{\"@id\":\"https:\/\/www.residencemariavittoriajesolo.com\/de\/#website\"},\"datePublished\":\"2021-07-24T11:24:51+00:00\",\"dateModified\":\"2024-07-07T15:54:35+00:00\",\"description\":\"Il Residence Mariavittoria di Jesolo si trova in centro a Jesolo a soli 50 metri dal mare. A disposizione per gli ospiti c'\u00e8 un parcheggio e una spiaggia privata.\",\"breadcrumb\":{\"@id\":\"https:\/\/www.residencemariavittoriajesolo.com\/de\/staff\/#breadcrumb\"},\"inLanguage\":\"de\",\"potentialAction\":[{\"@type\":\"ReadAction\",\"target\":[[\"https:\/\/www.residencemariavittoriajesolo.com\/de\/staff\/\"]]}]},{\"@type\":\"BreadcrumbList\",\"@id\":\"https:\/\/www.residencemariavittoriajesolo.com\/de\/staff\/#breadcrumb\",\"itemListElement\":[{\"@type\":\"ListItem\",\"position\":1,\"name\":\"Home\",\"item\":\"https:\/\/www.residencemariavittoriajesolo.com\/de\/\"},{\"@type\":\"ListItem\",\"position\":2,\"name\":\"La Famiglia\"}]},{\"@type\":\"WebSite\",\"@id\":\"https:\/\/www.residencemariavittoriajesolo.com\/de\/#website\",\"url\":\"https:\/\/www.residencemariavittoriajesolo.com\/de\/\",\"name\":\"Residence Mariavittoria Jesolo\",\"description\":\"Appartamenti a Jesolo Lido\",\"potentialAction\":[{\"@type\":\"SearchAction\",\"target\":{\"@type\":\"EntryPoint\",\"urlTemplate\":\"https:\/\/www.residencemariavittoriajesolo.com\/de\/?s={search_term_string}\"},\"query-input\":{\"@type\":\"PropertyValueSpecification\",\"valueRequired\":true,\"valueName\":\"search_term_string\"}}],\"inLanguage\":\"de\"}]}<\/script>\n<!-- \/ Yoast SEO plugin. -->","yoast_head_json":{"title":"Staff - Residence Mariavittoria Jesolo","description":"Il Residence Mariavittoria di Jesolo si trova in centro a Jesolo a soli 50 metri dal mare. A disposizione per gli ospiti c'\u00e8 un parcheggio e una spiaggia privata.","robots":{"index":"index","follow":"follow","max-snippet":"max-snippet:-1","max-image-preview":"max-image-preview:large","max-video-preview":"max-video-preview:-1"},"canonical":"https:\/\/www.residencemariavittoriajesolo.com\/de\/staff\/","og_locale":"de_DE","og_type":"article","og_title":"Staff - Residence Mariavittoria Jesolo","og_description":"Il Residence Mariavittoria di Jesolo si trova in centro a Jesolo a soli 50 metri dal mare. A disposizione per gli ospiti c'\u00e8 un parcheggio e una spiaggia privata.","og_url":"https:\/\/www.residencemariavittoriajesolo.com\/de\/staff\/","og_site_name":"Residence Mariavittoria Jesolo","article_modified_time":"2024-07-07T15:54:35+00:00","twitter_card":"summary_large_image","twitter_misc":{"Gesch\u00e4tzte Lesezeit":"3\u00a0Minuten"},"schema":{"@context":"https:\/\/schema.org","@graph":[{"@type":"WebPage","@id":"https:\/\/www.residencemariavittoriajesolo.com\/de\/staff\/","url":"https:\/\/www.residencemariavittoriajesolo.com\/de\/staff\/","name":"Staff - Residence Mariavittoria Jesolo","isPartOf":{"@id":"https:\/\/www.residencemariavittoriajesolo.com\/de\/#website"},"datePublished":"2021-07-24T11:24:51+00:00","dateModified":"2024-07-07T15:54:35+00:00","description":"Il Residence Mariavittoria di Jesolo si trova in centro a Jesolo a soli 50 metri dal mare. A disposizione per gli ospiti c'\u00e8 un parcheggio e una spiaggia privata.","breadcrumb":{"@id":"https:\/\/www.residencemariavittoriajesolo.com\/de\/staff\/#breadcrumb"},"inLanguage":"de","potentialAction":[{"@type":"ReadAction","target":[["https:\/\/www.residencemariavittoriajesolo.com\/de\/staff\/"]]}]},{"@type":"BreadcrumbList","@id":"https:\/\/www.residencemariavittoriajesolo.com\/de\/staff\/#breadcrumb","itemListElement":[{"@type":"ListItem","position":1,"name":"Home","item":"https:\/\/www.residencemariavittoriajesolo.com\/de\/"},{"@type":"ListItem","position":2,"name":"La Famiglia"}]},{"@type":"WebSite","@id":"https:\/\/www.residencemariavittoriajesolo.com\/de\/#website","url":"https:\/\/www.residencemariavittoriajesolo.com\/de\/","name":"Residence Mariavittoria Jesolo","description":"Appartamenti a Jesolo Lido","potentialAction":[{"@type":"SearchAction","target":{"@type":"EntryPoint","urlTemplate":"https:\/\/www.residencemariavittoriajesolo.com\/de\/?s={search_term_string}"},"query-input":{"@type":"PropertyValueSpecification","valueRequired":true,"valueName":"search_term_string"}}],"inLanguage":"de"}]}},"_links":{"self":[{"href":"https:\/\/www.residencemariavittoriajesolo.com\/de\/wp-json\/wp\/v2\/pages\/1627","targetHints":{"allow":["GET"]}}],"collection":[{"href":"https:\/\/www.residencemariavittoriajesolo.com\/de\/wp-json\/wp\/v2\/pages"}],"about":[{"href":"https:\/\/www.residencemariavittoriajesolo.com\/de\/wp-json\/wp\/v2\/types\/page"}],"author":[{"embeddable":true,"href":"https:\/\/www.residencemariavittoriajesolo.com\/de\/wp-json\/wp\/v2\/users\/7"}],"replies":[{"embeddable":true,"href":"https:\/\/www.residencemariavittoriajesolo.com\/de\/wp-json\/wp\/v2\/comments?post=1627"}],"version-history":[{"count":35,"href":"https:\/\/www.residencemariavittoriajesolo.com\/de\/wp-json\/wp\/v2\/pages\/1627\/revisions"}],"predecessor-version":[{"id":1954,"href":"https:\/\/www.residencemariavittoriajesolo.com\/de\/wp-json\/wp\/v2\/pages\/1627\/revisions\/1954"}],"wp:attachment":[{"href":"https:\/\/www.residencemariavittoriajesolo.com\/de\/wp-json\/wp\/v2\/media?parent=1627"}],"curies":[{"name":"wp","href":"https:\/\/api.w.org\/{rel}","templated":true}]}}