{"id":1505,"date":"2020-08-11T11:28:31","date_gmt":"2020-08-11T09:28:31","guid":{"rendered":"https:\/\/www.residencemariavittoriajesolo.com\/it\/?page_id=1505"},"modified":"2024-01-23T08:39:04","modified_gmt":"2024-01-23T07:39:04","slug":"sanificazione","status":"publish","type":"page","link":"https:\/\/www.residencemariavittoriajesolo.com\/de\/desinfektion\/","title":{"rendered":"Desinfektion"},"content":{"rendered":"<div class=\"wpb-content-wrapper\">[vc_row el_id=&#8220;header-slider&#8220;][vc_column]\n\t\t\t<!-- START Sanificazione banner REVOLUTION SLIDER 6.7.34 --><p class=\"rs-p-wp-fix\"><\/p>\n\t\t\t<rs-module-wrap id=\"rev_slider_32_3_wrapper\" data-source=\"gallery\" style=\"visibility:hidden;padding:0;margin:0px auto;margin-top:45;margin-bottom:40;\">\n\t\t\t\t<rs-module id=\"rev_slider_32_3\" style=\"\" data-version=\"6.7.34\">\n\t\t\t\t\t<rs-slides style=\"overflow: hidden; position: absolute;\">\n\t\t\t\t\t\t<rs-slide style=\"position: absolute;\" data-key=\"rs-64\" data-title=\"Slide\" data-duration=\"7000\" data-anim=\"adpr:false;\" data-in=\"o:0;\" data-out=\"a:false;\">\n\t\t\t\t\t\t\t<img decoding=\"async\" src=\"\/\/www.residencemariavittoriajesolo.com\/wp-content\/plugins\/revslider\/sr6\/assets\/assets\/dummy.png\" alt=\"\" title=\"NZ6_5260\" width=\"2560\" height=\"1707\" class=\"rev-slidebg tp-rs-img rs-lazyload\" data-lazyload=\"\/\/www.residencemariavittoriajesolo.com\/wp-content\/uploads\/2021\/07\/NZ6_5260-scaled.jpg\" data-parallax=\"off\" data-no-retina>\n\t\t\t\t\t\t\t<rs-bgvideo \n\t\t\t\t\t\t\t\tdata-video=\"vc:none;w:100%;h:100%;nse:false;l:true;ptimer:false;\"\n\t\t\t\t\t\t\t\tdata-ytid=\"HYHDFucGjSg\"\n\t\t\t\t\t\t\t\tdata-vatr=\"version=3&amp;enablejsapi=1&amp;html5=1&amp;hd=1&amp;wmode=opaque&amp;showinfo=0&amp;ref=0&amp;origin=https:\/\/www.residencemariavittoriajesolo.com;\"\n\t\t\t\t\t\t\t><\/rs-bgvideo>\n<!---->\t\t\t\t\t<\/rs-slide>\n\t\t\t\t\t<\/rs-slides>\n\t\t\t\t<\/rs-module>\n\t\t\t\t<script>\n\t\t\t\t\tsetREVStartSize({c: 'rev_slider_32_3',rl:[1240,1024,778,480],el:[700,600,400,150],gw:[1920,1024,778,480],gh:[700,600,400,150],type:'standard',justify:'',layout:'fullwidth',mh:\"0\"});if (window.RS_MODULES!==undefined && window.RS_MODULES.modules!==undefined && window.RS_MODULES.modules[\"revslider323\"]!==undefined) {window.RS_MODULES.modules[\"revslider323\"].once = false;window.revapi32_3 = undefined;if (window.RS_MODULES.checkMinimal!==undefined) window.RS_MODULES.checkMinimal()}\n\t\t\t\t<\/script>\n\t\t\t<\/rs-module-wrap>\n\t\t\t<!-- END REVOLUTION SLIDER -->\n[\/vc_column][\/vc_row][vc_row full_width=&#8220;stretch_row&#8220; el_class=&#8220;offer-block&#8220; enable_overlay=&#8220;true&#8220;][vc_column][vc_custom_heading text=&#8220;Desinfektion&#8220; font_container=&#8220;tag:h2|text_align:center|color:%23212121&#8243; use_theme_fonts=&#8220;yes&#8220;][vc_column_text]\r\n<div class=\"divider\"><\/div>\r\n[\/vc_column_text][\/vc_column][\/vc_row][vc_row][vc_column][vc_column_text]Seit mehr als vierzig Jahren bieten wir immer eine Garantie f\u00fcr maximale Hygiene in jeder Wohnung, aber heute sind die Hygienestandards zu Recht noch strenger geworden.\r\nJeder Aufenthalt muss ruhig erfolgen. Von zu Hause weg zu sein, muss heute noch mehr sein, als zu Hause zu sein.\r\n<h6><\/h6>\r\n<h6><\/h6>\r\n<h2>Reinigung und Hygiene: Sind sie auch?<\/h2>\r\nObwohl diese beiden W\u00f6rter manchmal synonym verwendet werden, haben sie aus &#8222;praktischer&#8220; Sicht eine unterschiedliche Bedeutung.\r\n\r\n<strong>Reinigung<\/strong> ist der Vorgang, mit dem Sie &#8222;Schmutz&#8220; jeglicher Art entfernen k\u00f6nnen, von Staub zu fettigen Substanzen, von Fl\u00fcssigkeiten zu organischen Substanzen usw. Die Reinigung kann durch manuelles Entfernen, mechanisches Entfernen oder in einigen F\u00e4llen durch Einwirkung von Wasser mit Reinigungsmitteln erfolgen.\r\n\r\nDie <strong>Desinfektion<\/strong> ist dagegen ein fortgeschrittener Schritt als die Reinigung. In der Tat ist dies ein Eingriff, mit dem Sie alle Mikroorganismen (Bakterien, Viren, Schimmelpilze usw.) entfernen k\u00f6nnen, die durch die normale Reinigung nicht beseitigt werden k\u00f6nnen. Um effektiv zu sein, muss der Hygiene eine Reinigung vorausgehen.\r\n\r\n&nbsp;\r\n\r\n&nbsp;\r\n<h2>Mit welchen Maschinen desinfizieren wir die Wohnungen?<\/h2>\r\nWenn wir ein niedrigeres technisches Timing haben, dh der Tag des &#8222;Auscheckens&#8220; und &#8222;Eincheckens&#8220; zusammenf\u00e4llt, wird die effektivste und gleichzeitig weniger invasive Behandlung durch die Zerst\u00e4ubung von kaltem oder trockenem Nebel dargestellt. Mit dieser Methode k\u00f6nnen Sie schnell jede Ecke der zu behandelnden Umgebung erreichen, indem Sie die Umgebung selbst s\u00e4ttigen.\r\n\r\nDie Maschinen, die wir benutzen:\u00a0<a href=\"https:\/\/www.hygienio.com\/mod-b1-n1.html\" class=\"broken_link\">https:\/\/www.hygienio.com\/mod-b1-n1.html<\/a>\r\n\r\nWenn wir andererseits einen Unterschied von 24 Stunden zwischen dem Auschecken und dem Einchecken haben, erfolgt die Behandlung zur Desinfektion \u00fcber eine Ozonmaschine. Die Umgebungen werden somit vollst\u00e4ndig gereinigt, wodurch eine perfekt nicht kontaminierte Umgebung wiederhergestellt wird.\r\n\r\nDie Maschinen, die wir benutzen:\u00a0<a href=\"https:\/\/www.zernike.it\/en\/product-zernike\/ozonclean\/\">https:\/\/www.zernike.it\/en\/product-zernike\/ozonclean\/<\/a>\r\n\r\n<span style=\"text-decoration: underline;\">Nach Abschluss beider Methoden werden alle Wohnungen weitgehend bel\u00fcftet.<\/span>\r\n\r\nDar\u00fcber hinaus erhalten unsere G\u00e4ste bei der Ankunft noch mehr Aufmerksamkeit. Dadurch k\u00f6nnen die Reinigungsstandards der Residenz hoch gehalten werden.\r\n&#8211; Spender f\u00fcr hydroalkoholische L\u00f6sungen am Eingang der Residenz\r\n&#8211; Spezielles Reinigungsmittel f\u00fcr H\u00e4nde in der K\u00fcche\r\n&#8211; Kit von Produkten zur Reinigung von Oberfl\u00e4chen[\/vc_column_text][\/vc_column][\/vc_row][vc_row][vc_column][vc_gallery interval=&#8220;3&#8243; images=&#8220;1718,1732,1733&#8243; img_size=&#8220;full&#8220; css_animation=&#8220;zoomIn&#8220;][\/vc_column][\/vc_row]<\/div>","protected":false},"excerpt":{"rendered":"[vc_row el_id=&#8220;header-slider&#8220;][vc_column][\/vc_column][\/vc_row][vc_row full_width=&#8220;stretch_row&#8220; el_class=&#8220;offer-block&#8220; enable_overlay=&#8220;true&#8220;][vc_column][vc_custom_heading text=&#8220;Desinfektion&#8220; font_container=&#8220;tag:h2|text_align:center|color:%23212121&#8243; use_theme_fonts=&#8220;yes&#8220;][vc_column_text] [\/vc_column_text][\/vc_column][\/vc_row][vc_row][vc_column][vc_column_text]Seit mehr als vierzig Jahren bieten wir immer eine Garantie f\u00fcr maximale Hygiene in jeder Wohnung, aber heute sind die Hygienestandards zu Recht noch strenger geworden. Jeder Aufenthalt muss ruhig erfolgen. Von zu Hause weg zu sein, muss heute noch mehr sein, als zu Hause zu sein. [&hellip;]","protected":false},"author":7,"featured_media":0,"parent":0,"menu_order":0,"comment_status":"closed","ping_status":"closed","template":"","meta":{"footnotes":""},"class_list":["post-1505","page","type-page","status-publish","hentry"],"yoast_head":"<!-- This site is optimized with the Yoast SEO plugin v26.1 - https:\/\/yoast.com\/wordpress\/plugins\/seo\/ -->\n<title>Desinfektion - Residence Mariavittoria Jesolo<\/title>\n<meta name=\"robots\" content=\"index, follow, max-snippet:-1, max-image-preview:large, max-video-preview:-1\" \/>\n<link rel=\"canonical\" href=\"https:\/\/www.residencemariavittoriajesolo.com\/de\/sanificazione\/\" \/>\n<meta property=\"og:locale\" content=\"de_DE\" \/>\n<meta property=\"og:type\" content=\"article\" \/>\n<meta property=\"og:title\" content=\"Desinfektion - Residence Mariavittoria Jesolo\" \/>\n<meta property=\"og:description\" content=\"[vc_row el_id=&#8220;header-slider&#8220;][vc_column][\/vc_column][\/vc_row][vc_row full_width=&#8220;stretch_row&#8220; el_class=&#8220;offer-block&#8220; enable_overlay=&#8220;true&#8220;][vc_column][vc_custom_heading text=&#8220;Desinfektion&#8220; font_container=&#8220;tag:h2|text_align:center|color:%23212121&#8243; use_theme_fonts=&#8220;yes&#8220;][vc_column_text] [\/vc_column_text][\/vc_column][\/vc_row][vc_row][vc_column][vc_column_text]Seit mehr als vierzig Jahren bieten wir immer eine Garantie f\u00fcr maximale Hygiene in jeder Wohnung, aber heute sind die Hygienestandards zu Recht noch strenger geworden. Jeder Aufenthalt muss ruhig erfolgen. Von zu Hause weg zu sein, muss heute noch mehr sein, als zu Hause zu sein. [&hellip;]\" \/>\n<meta property=\"og:url\" content=\"https:\/\/www.residencemariavittoriajesolo.com\/de\/sanificazione\/\" \/>\n<meta property=\"og:site_name\" content=\"Residence Mariavittoria Jesolo\" \/>\n<meta property=\"article:modified_time\" content=\"2024-01-23T07:39:04+00:00\" \/>\n<meta name=\"twitter:card\" content=\"summary_large_image\" \/>\n<meta name=\"twitter:label1\" content=\"Gesch\u00e4tzte Lesezeit\" \/>\n\t<meta name=\"twitter:data1\" content=\"2\u00a0Minuten\" \/>\n<script type=\"application\/ld+json\" class=\"yoast-schema-graph\">{\"@context\":\"https:\/\/schema.org\",\"@graph\":[{\"@type\":\"WebPage\",\"@id\":\"https:\/\/www.residencemariavittoriajesolo.com\/de\/sanificazione\/\",\"url\":\"https:\/\/www.residencemariavittoriajesolo.com\/de\/sanificazione\/\",\"name\":\"Desinfektion - Residence Mariavittoria Jesolo\",\"isPartOf\":{\"@id\":\"https:\/\/www.residencemariavittoriajesolo.com\/de\/#website\"},\"datePublished\":\"2020-08-11T09:28:31+00:00\",\"dateModified\":\"2024-01-23T07:39:04+00:00\",\"breadcrumb\":{\"@id\":\"https:\/\/www.residencemariavittoriajesolo.com\/de\/sanificazione\/#breadcrumb\"},\"inLanguage\":\"de\",\"potentialAction\":[{\"@type\":\"ReadAction\",\"target\":[[\"https:\/\/www.residencemariavittoriajesolo.com\/de\/sanificazione\/\"]]}]},{\"@type\":\"BreadcrumbList\",\"@id\":\"https:\/\/www.residencemariavittoriajesolo.com\/de\/sanificazione\/#breadcrumb\",\"itemListElement\":[{\"@type\":\"ListItem\",\"position\":1,\"name\":\"Home\",\"item\":\"https:\/\/www.residencemariavittoriajesolo.com\/de\/\"},{\"@type\":\"ListItem\",\"position\":2,\"name\":\"Sanificazione\"}]},{\"@type\":\"WebSite\",\"@id\":\"https:\/\/www.residencemariavittoriajesolo.com\/de\/#website\",\"url\":\"https:\/\/www.residencemariavittoriajesolo.com\/de\/\",\"name\":\"Residence Mariavittoria Jesolo\",\"description\":\"Appartamenti a Jesolo Lido\",\"potentialAction\":[{\"@type\":\"SearchAction\",\"target\":{\"@type\":\"EntryPoint\",\"urlTemplate\":\"https:\/\/www.residencemariavittoriajesolo.com\/de\/?s={search_term_string}\"},\"query-input\":{\"@type\":\"PropertyValueSpecification\",\"valueRequired\":true,\"valueName\":\"search_term_string\"}}],\"inLanguage\":\"de\"}]}<\/script>\n<!-- \/ Yoast SEO plugin. -->","yoast_head_json":{"title":"Desinfektion - Residence Mariavittoria Jesolo","robots":{"index":"index","follow":"follow","max-snippet":"max-snippet:-1","max-image-preview":"max-image-preview:large","max-video-preview":"max-video-preview:-1"},"canonical":"https:\/\/www.residencemariavittoriajesolo.com\/de\/sanificazione\/","og_locale":"de_DE","og_type":"article","og_title":"Desinfektion - Residence Mariavittoria Jesolo","og_description":"[vc_row el_id=&#8220;header-slider&#8220;][vc_column][\/vc_column][\/vc_row][vc_row full_width=&#8220;stretch_row&#8220; el_class=&#8220;offer-block&#8220; enable_overlay=&#8220;true&#8220;][vc_column][vc_custom_heading text=&#8220;Desinfektion&#8220; font_container=&#8220;tag:h2|text_align:center|color:%23212121&#8243; use_theme_fonts=&#8220;yes&#8220;][vc_column_text] [\/vc_column_text][\/vc_column][\/vc_row][vc_row][vc_column][vc_column_text]Seit mehr als vierzig Jahren bieten wir immer eine Garantie f\u00fcr maximale Hygiene in jeder Wohnung, aber heute sind die Hygienestandards zu Recht noch strenger geworden. Jeder Aufenthalt muss ruhig erfolgen. Von zu Hause weg zu sein, muss heute noch mehr sein, als zu Hause zu sein. [&hellip;]","og_url":"https:\/\/www.residencemariavittoriajesolo.com\/de\/sanificazione\/","og_site_name":"Residence Mariavittoria Jesolo","article_modified_time":"2024-01-23T07:39:04+00:00","twitter_card":"summary_large_image","twitter_misc":{"Gesch\u00e4tzte Lesezeit":"2\u00a0Minuten"},"schema":{"@context":"https:\/\/schema.org","@graph":[{"@type":"WebPage","@id":"https:\/\/www.residencemariavittoriajesolo.com\/de\/sanificazione\/","url":"https:\/\/www.residencemariavittoriajesolo.com\/de\/sanificazione\/","name":"Desinfektion - Residence Mariavittoria Jesolo","isPartOf":{"@id":"https:\/\/www.residencemariavittoriajesolo.com\/de\/#website"},"datePublished":"2020-08-11T09:28:31+00:00","dateModified":"2024-01-23T07:39:04+00:00","breadcrumb":{"@id":"https:\/\/www.residencemariavittoriajesolo.com\/de\/sanificazione\/#breadcrumb"},"inLanguage":"de","potentialAction":[{"@type":"ReadAction","target":[["https:\/\/www.residencemariavittoriajesolo.com\/de\/sanificazione\/"]]}]},{"@type":"BreadcrumbList","@id":"https:\/\/www.residencemariavittoriajesolo.com\/de\/sanificazione\/#breadcrumb","itemListElement":[{"@type":"ListItem","position":1,"name":"Home","item":"https:\/\/www.residencemariavittoriajesolo.com\/de\/"},{"@type":"ListItem","position":2,"name":"Sanificazione"}]},{"@type":"WebSite","@id":"https:\/\/www.residencemariavittoriajesolo.com\/de\/#website","url":"https:\/\/www.residencemariavittoriajesolo.com\/de\/","name":"Residence Mariavittoria Jesolo","description":"Appartamenti a Jesolo Lido","potentialAction":[{"@type":"SearchAction","target":{"@type":"EntryPoint","urlTemplate":"https:\/\/www.residencemariavittoriajesolo.com\/de\/?s={search_term_string}"},"query-input":{"@type":"PropertyValueSpecification","valueRequired":true,"valueName":"search_term_string"}}],"inLanguage":"de"}]}},"_links":{"self":[{"href":"https:\/\/www.residencemariavittoriajesolo.com\/de\/wp-json\/wp\/v2\/pages\/1505","targetHints":{"allow":["GET"]}}],"collection":[{"href":"https:\/\/www.residencemariavittoriajesolo.com\/de\/wp-json\/wp\/v2\/pages"}],"about":[{"href":"https:\/\/www.residencemariavittoriajesolo.com\/de\/wp-json\/wp\/v2\/types\/page"}],"author":[{"embeddable":true,"href":"https:\/\/www.residencemariavittoriajesolo.com\/de\/wp-json\/wp\/v2\/users\/7"}],"replies":[{"embeddable":true,"href":"https:\/\/www.residencemariavittoriajesolo.com\/de\/wp-json\/wp\/v2\/comments?post=1505"}],"version-history":[{"count":14,"href":"https:\/\/www.residencemariavittoriajesolo.com\/de\/wp-json\/wp\/v2\/pages\/1505\/revisions"}],"predecessor-version":[{"id":1797,"href":"https:\/\/www.residencemariavittoriajesolo.com\/de\/wp-json\/wp\/v2\/pages\/1505\/revisions\/1797"}],"wp:attachment":[{"href":"https:\/\/www.residencemariavittoriajesolo.com\/de\/wp-json\/wp\/v2\/media?parent=1505"}],"curies":[{"name":"wp","href":"https:\/\/api.w.org\/{rel}","templated":true}]}}